{"id":220,"date":"2025-10-15T03:27:56","date_gmt":"2025-10-15T03:27:56","guid":{"rendered":"https:\/\/thedevkits.dev\/?post_type=product&#038;p=220"},"modified":"2025-10-17T12:33:43","modified_gmt":"2025-10-17T12:33:43","slug":"yoast-seo-premium","status":"publish","type":"product","link":"https:\/\/theme.ch.io.vn\/en\/product\/yoast-seo-premium\/","title":{"rendered":"Yoast SEO Premium"},"content":{"rendered":"<div class=\"container section-title-container\" ><h3 class=\"section-title section-title-normal\"><b aria-hidden=\"true\"><\/b><span class=\"section-title-main\" style=\"color:rgb(255, 69, 69);\">H\u1ecfi \u0110\u00e1p<\/span><b aria-hidden=\"true\"><\/b><\/h3><\/div>\n<div class=\"accordion\">\n\t<div id=\"accordion-2334609383\" class=\"accordion-item\">\n\t\t<a id=\"accordion-2334609383-label\" class=\"accordion-title plain\" href=\"#accordion-item-l\u00e0m-th\u1ebf-n\u00e0o-\u0111\u1ec3-bi\u1ebft-t\u00f4i-\u0111\u00e3-c\u00e0i-\u0111\u1eb7t-yoast-seo-premium-th\u00e0nh-c\u00f4ng?\" aria-expanded=\"false\" aria-controls=\"accordion-2334609383-content\">\n\t\t\t<button class=\"toggle\" aria-label=\"Toggle\"><i class=\"icon-angle-down\" aria-hidden=\"true\"><\/i><\/button>\n\t\t\t<span>L\u00e0m th\u1ebf n\u00e0o \u0111\u1ec3 bi\u1ebft t\u00f4i \u0111\u00e3 c\u00e0i \u0111\u1eb7t Yoast SEO Premium th\u00e0nh c\u00f4ng?<\/span>\n\t\t<\/a>\n\t\t<div id=\"accordion-2334609383-content\" class=\"accordion-inner\" aria-labelledby=\"accordion-2334609383-label\">\n\t\t\t\n<p>Sau khi c\u00e0i \u0111\u1eb7t th\u00e0nh c\u00f4ng s\u1ebd c\u00f3 th\u00eam 2 m\u1ee5c Workouts (Premium) v\u00e0 Redirect (Premium) trong menu SEO<\/p>\n\t\t<\/div>\n\t<\/div>\n\t\n\t<div id=\"accordion-3606416051\" class=\"accordion-item\">\n\t\t<a id=\"accordion-3606416051-label\" class=\"accordion-title plain\" href=\"#accordion-item-t\u00f4i-\u0111ang-d\u00f9ng-yoast-seo-free-n\u00e2ng-c\u1ea5p-l\u00ean-yoast-seo-premium-c\u00f3-m\u1ea5t-c\u00e1c-c\u00e0i-\u0111\u1eb7t-ho\u1eb7c-t\u1eeb-kh\u00f3a-c\u0169-kh\u00f4ng?\" aria-expanded=\"false\" aria-controls=\"accordion-3606416051-content\">\n\t\t\t<button class=\"toggle\" aria-label=\"Toggle\"><i class=\"icon-angle-down\" aria-hidden=\"true\"><\/i><\/button>\n\t\t\t<span>T\u00f4i \u0111ang d\u00f9ng Yoast SEO Free n\u00e2ng c\u1ea5p l\u00ean Yoast SEO Premium c\u00f3 m\u1ea5t c\u00e1c c\u00e0i \u0111\u1eb7t ho\u1eb7c t\u1eeb kh\u00f3a c\u0169 kh\u00f4ng?<\/span>\n\t\t<\/a>\n\t\t<div id=\"accordion-3606416051-content\" class=\"accordion-inner\" aria-labelledby=\"accordion-3606416051-label\">\n\t\t\t\n<div class=\"su-spoiler su-spoiler-style-fancy su-spoiler-icon-plus\" data-scroll-offset=\"0\" data-anchor-in-url=\"no\">\n<div class=\"su-spoiler-content su-u-clearfix su-u-trim\">Yoast SEO Premium y\u00eau c\u1ea7u\u00a0<strong>c\u00e0i \u0111\u1eb7t c\u1ea3 b\u1ea3n Free<\/strong> \u0111\u1ec3 ho\u1ea1t \u0111\u1ed9ng, m\u1ecdi c\u00e0i \u0111\u1eb7t v\u00e0 t\u1eeb kh\u00f3a c\u0169 s\u1ebd v\u1eabn \u0111\u01b0\u1ee3c gi\u1eef nguy\u00ean v\u1eb9n t\u1eeb b\u1ea3n Free nh\u00e9.<\/div>\n<\/div>\n\t\t<\/div>\n\t<\/div>\n\t\n\t<div id=\"accordion-1347439746\" class=\"accordion-item\">\n\t\t<a id=\"accordion-1347439746-label\" class=\"accordion-title plain\" href=\"#accordion-item-t\u00f4i-kh\u00f4ng-th\u1ec3-s\u1eed-d\u1ee5ng-\u0111\u01b0\u1ee3c-ch\u1ee9c-n\u0103ng-nh\u1eadn-c\u00e1c-t\u1eeb-kh\u00f3a-g\u1ee3i-\u00fd\" aria-expanded=\"false\" aria-controls=\"accordion-1347439746-content\">\n\t\t\t<button class=\"toggle\" aria-label=\"Toggle\"><i class=\"icon-angle-down\" aria-hidden=\"true\"><\/i><\/button>\n\t\t\t<span>T\u00f4i kh\u00f4ng th\u1ec3 s\u1eed d\u1ee5ng \u0111\u01b0\u1ee3c ch\u1ee9c n\u0103ng nh\u1eadn c\u00e1c t\u1eeb kh\u00f3a g\u1ee3i \u00fd<\/span>\n\t\t<\/a>\n\t\t<div id=\"accordion-1347439746-content\" class=\"accordion-inner\" aria-labelledby=\"accordion-1347439746-label\">\n\t\t\t\n<p>Hi\u1ec7n ch\u1ee9c n\u0103ng n\u00e0y kh\u00f4ng th\u1ec3 s\u1eed d\u1ee5ng \u0111\u01b0\u1ee3c -&gt; c\u1ea7n c\u00f3 t\u00e0i kho\u1ea3n tr\u1ef1c ti\u1ebfp t\u1eeb NSX.<\/p>\n\t\t<\/div>\n\t<\/div>\n\t\n<\/div>\n\t<div id=\"gap-1630724440\" class=\"gap-element clearfix\" style=\"display:block; height:auto;\">\n\t\t\n<style>\n#gap-1630724440 {\n  padding-top: 30px;\n}\n<\/style>\n\t<\/div>\n\t\n<div class=\"container section-title-container\" ><h3 class=\"section-title section-title-normal\"><b aria-hidden=\"true\"><\/b><span class=\"section-title-main\" style=\"color:rgb(255, 69, 69);\">Yoast SEO Premium<\/span><b aria-hidden=\"true\"><\/b><\/h3><\/div>\n<p>\u0110\u00e2y l\u00e0 b\u1ea3n Premium c\u1ee7a c\u00f4ng c\u1ee5 t\u1ed1i \u01b0u SEO On Page ph\u1ed5 bi\u1ebfn nh\u1ea5t hi\u1ec7n nay\u00a0<a href=\"https:\/\/vi.wordpress.org\/plugins\/wordpress-seo\/\" target=\"_blank\" rel=\"noopener\">Yoast SEO<\/a>.<\/p>\n<p>Hi\u1ec7n c\u00f3\u00a0<strong>5.000.000<\/strong>\u00a0t\u1ea3i v\u00e0 k\u00edch ho\u1ea1t, c\u00f3 th\u1ec3 n\u00f3i l\u00e0 m\u1ed9t SEO plugin \u0111\u01b0\u1ee3c y\u00eau th\u00edch nh\u1ea5t hi\u1ec7n nay.<\/p>\n<p>V\u1edbi phi\u00ean b\u1ea3n n\u00e0y b\u1ea1n s\u1ebd \u0111\u01b0\u1ee3c b\u1ed5 sung th\u00eam c\u00e1c t\u00ednh n\u0103ng nh\u01b0:<\/p>\n<ul>\n<li><strong>Redirect manager<\/strong>\u00a0\u2013 Qu\u1ea3n l\u00fd v\u00e0 t\u1ef1 \u0111\u1ed9ng chuy\u1ec3n h\u01b0\u1edbng URL khi c\u00f3 thay \u0111\u1ed5i<\/li>\n<li><strong>Synonyms &amp; related keyphrases\u00a0<\/strong>\u2013 T\u1ed1i \u01b0u \u0111\u01b0\u1ee3c nhi\u1ec1u t\u1eeb kh\u00f3a li\u00ean quan v\u00e0 t\u1eeb kh\u00f3a \u0111\u1ed3ng ngh\u0129a c\u00f9ng l\u00fac.<\/li>\n<li><strong>Social previews\u00a0<\/strong>\u2013 Xem tr\u01b0\u1edbc m\u00e0n h\u00ecnh hi\u1ec3n th\u1ecb khi chia s\u1ebb tr\u00ean c\u00e1c m\u1ea1ng x\u00e3 h\u1ed9i.<\/li>\n<li>\u2026..<\/li>\n<li>Chi ti\u1ebft\u00a0<a href=\"https:\/\/yoast.com\/reasons-to-upgrade\/\" target=\"_blank\" rel=\"noopener\">t\u1ea1i \u0111\u00e2y<\/a><\/li>\n<\/ul>\n<p><img loading=\"lazy\" decoding=\"async\" class=\"aligncenter wp-image-26963 size-full\" src=\"https:\/\/static.thedevkit.com\/2017\/06\/Yoast-SEO-vs-Yoast-SEO-Premium.png\" sizes=\"auto, (max-width: 828px) 100vw, 828px\" srcset=\"https:\/\/static.thedevkit.com\/2017\/06\/Yoast-SEO-vs-Yoast-SEO-Premium-295x300.png 295w, https:\/\/static.thedevkit.com\/2017\/06\/Yoast-SEO-vs-Yoast-SEO-Premium-400x406.png 400w, https:\/\/static.thedevkit.com\/2017\/06\/Yoast-SEO-vs-Yoast-SEO-Premium-768x780.png 768w, https:\/\/static.thedevkit.com\/2017\/06\/Yoast-SEO-vs-Yoast-SEO-Premium.png 828w\" alt=\"yoast-seo-vs-yoast-seo-premium\" width=\"828\" height=\"841\" \/><\/p>\n<p>C\u00f4ng c\u1ee5 t\u1ed1i \u01b0u SEO t\u1ed1t nh\u1ea5t hi\u1ec7n nay d\u00e0nh cho WordPress.<\/p>\n<ul>\n<li>T\u0103ng l\u01b0\u1ee3ng truy c\u1eadp t\u1eeb Google v\u00e0 Bing.<\/li>\n<li>Thu h\u00fat ng\u01b0\u1eddi d\u00f9ng t\u1eeb c\u00e1c m\u1ea1ng x\u00e3 h\u1ed9i.<\/li>\n<li>T\u0103ng s\u1ef1 trao \u0111\u1ed5i th\u00f4ng tin v\u1edbi ng\u01b0\u1eddi \u0111\u1ecdc.<\/li>\n<\/ul>\n<p>V\u1edbi c\u00f4ng c\u1ee5 n\u00e0y, b\u1ea1n s\u1ebd kh\u00f4ng ph\u1ea3i t\u1ed1n chi ph\u00ed \u0111\u1ec3 thu\u00ea ho\u1eb7c \u0111\u1ec3 tr\u1edf th\u00e0nh m\u1ed9t chuy\u00ean gia trong l\u0129nh v\u1ef1c SEO.<\/p>","protected":false},"excerpt":{"rendered":"<p>\u0110\u00e2y l\u00e0 b\u1ea3n Premium c\u1ee7a c\u00f4ng c\u1ee5 t\u1ed1i \u01b0u SEO On Page ph\u1ed5 bi\u1ebfn nh\u1ea5t hi\u1ec7n nay\u00a0Yoast SEO. Hi\u1ec7n c\u00f3\u00a05.000.000\u00a0t\u1ea3i v\u00e0 k\u00edch ho\u1ea1t, c\u00f3 th\u1ec3 n\u00f3i l\u00e0 m\u1ed9t SEO plugin \u0111\u01b0\u1ee3c y\u00eau th\u00edch nh\u1ea5t hi\u1ec7n nay. V\u1edbi phi\u00ean b\u1ea3n n\u00e0y b\u1ea1n s\u1ebd \u0111\u01b0\u1ee3c b\u1ed5 sung th\u00eam c\u00e1c t\u00ednh n\u0103ng nh\u01b0: Redirect manager\u00a0\u2013 Qu\u1ea3n l\u00fd v\u00e0 [&#8230;]","protected":false},"featured_media":221,"comment_status":"open","ping_status":"closed","template":"","meta":{"_acf_changed":false,"inline_featured_image":false},"product_brand":[108],"product_cat":[112,53],"product_tag":[],"class_list":{"0":"post-220","1":"product","2":"type-product","3":"status-publish","4":"has-post-thumbnail","6":"feature-seo","7":"feature-thuong-mai-dien-tu","8":"feature-tien-ich","9":"feature-tiep-thi-lien-ket","10":"topic-nha-hang-cafe","11":"topic-nhiep-anh","12":"topic-o-to-xe-may","13":"product_brand-yith","14":"product_cat-dac-biet","15":"product_cat-wordpress-plugin","17":"first","18":"instock","19":"shipping-taxable","20":"purchasable","21":"product-type-simple"},"acf":[],"yoast_head":"<!-- This site is optimized with the Yoast SEO plugin v26.1.1 - https:\/\/yoast.com\/wordpress\/plugins\/seo\/ -->\n<title>Yoast SEO Premium - Mua b\u00e1n Theme - Plugin wordpress<\/title>\n<meta name=\"robots\" content=\"index, follow, max-snippet:-1, max-image-preview:large, max-video-preview:-1\" \/>\n<link rel=\"canonical\" href=\"https:\/\/theme.ch.io.vn\/en\/product\/yoast-seo-premium\/\" \/>\n<meta property=\"og:locale\" content=\"en_US\" \/>\n<meta property=\"og:type\" content=\"article\" \/>\n<meta property=\"og:title\" content=\"Yoast SEO Premium - Mua b\u00e1n Theme - Plugin wordpress\" \/>\n<meta property=\"og:description\" content=\"\u0110\u00e2y l\u00e0 b\u1ea3n Premium c\u1ee7a c\u00f4ng c\u1ee5 t\u1ed1i \u01b0u SEO On Page ph\u1ed5 bi\u1ebfn nh\u1ea5t hi\u1ec7n nay\u00a0Yoast SEO. Hi\u1ec7n c\u00f3\u00a05.000.000\u00a0t\u1ea3i v\u00e0 k\u00edch ho\u1ea1t, c\u00f3 th\u1ec3 n\u00f3i l\u00e0 m\u1ed9t SEO plugin \u0111\u01b0\u1ee3c y\u00eau th\u00edch nh\u1ea5t hi\u1ec7n nay. V\u1edbi phi\u00ean b\u1ea3n n\u00e0y b\u1ea1n s\u1ebd \u0111\u01b0\u1ee3c b\u1ed5 sung th\u00eam c\u00e1c t\u00ednh n\u0103ng nh\u01b0: Redirect manager\u00a0\u2013 Qu\u1ea3n l\u00fd v\u00e0 [...]\" \/>\n<meta property=\"og:url\" content=\"https:\/\/theme.ch.io.vn\/en\/product\/yoast-seo-premium\/\" \/>\n<meta property=\"og:site_name\" content=\"Mua b\u00e1n Theme - Plugin wordpress\" \/>\n<meta property=\"article:modified_time\" content=\"2025-10-17T12:33:43+00:00\" \/>\n<meta property=\"og:image\" content=\"https:\/\/theme.ch.io.vn\/wp-content\/uploads\/2025\/10\/yoast-seo-premium-1.png\" \/>\n\t<meta property=\"og:image:width\" content=\"400\" \/>\n\t<meta property=\"og:image:height\" content=\"400\" \/>\n\t<meta property=\"og:image:type\" content=\"image\/png\" \/>\n<meta name=\"twitter:card\" content=\"summary_large_image\" \/>\n<meta name=\"twitter:label1\" content=\"Est. reading time\" \/>\n\t<meta name=\"twitter:data1\" content=\"1 minute\" \/>\n<script type=\"application\/ld+json\" class=\"yoast-schema-graph\">{\"@context\":\"https:\/\/schema.org\",\"@graph\":[{\"@type\":\"WebPage\",\"@id\":\"https:\/\/theme.ch.io.vn\/san-pham\/yoast-seo-premium\/\",\"url\":\"https:\/\/theme.ch.io.vn\/san-pham\/yoast-seo-premium\/\",\"name\":\"Yoast SEO Premium - Mua b\u00e1n Theme - Plugin wordpress\",\"isPartOf\":{\"@id\":\"https:\/\/theme.ch.io.vn\/#website\"},\"primaryImageOfPage\":{\"@id\":\"https:\/\/theme.ch.io.vn\/san-pham\/yoast-seo-premium\/#primaryimage\"},\"image\":{\"@id\":\"https:\/\/theme.ch.io.vn\/san-pham\/yoast-seo-premium\/#primaryimage\"},\"thumbnailUrl\":\"https:\/\/theme.ch.io.vn\/wp-content\/uploads\/2025\/10\/yoast-seo-premium-1.png\",\"datePublished\":\"2025-10-15T03:27:56+00:00\",\"dateModified\":\"2025-10-17T12:33:43+00:00\",\"breadcrumb\":{\"@id\":\"https:\/\/theme.ch.io.vn\/san-pham\/yoast-seo-premium\/#breadcrumb\"},\"inLanguage\":\"en-US\",\"potentialAction\":[{\"@type\":\"ReadAction\",\"target\":[\"https:\/\/theme.ch.io.vn\/san-pham\/yoast-seo-premium\/\"]}]},{\"@type\":\"ImageObject\",\"inLanguage\":\"en-US\",\"@id\":\"https:\/\/theme.ch.io.vn\/san-pham\/yoast-seo-premium\/#primaryimage\",\"url\":\"https:\/\/theme.ch.io.vn\/wp-content\/uploads\/2025\/10\/yoast-seo-premium-1.png\",\"contentUrl\":\"https:\/\/theme.ch.io.vn\/wp-content\/uploads\/2025\/10\/yoast-seo-premium-1.png\",\"width\":400,\"height\":400},{\"@type\":\"BreadcrumbList\",\"@id\":\"https:\/\/theme.ch.io.vn\/san-pham\/yoast-seo-premium\/#breadcrumb\",\"itemListElement\":[{\"@type\":\"ListItem\",\"position\":1,\"name\":\"Trang ch\u1ee7\",\"item\":\"https:\/\/theme.ch.io.vn\/\"},{\"@type\":\"ListItem\",\"position\":2,\"name\":\"C\u1eeda h\u00e0ng\",\"item\":\"https:\/\/theme.ch.io.vn\/cua-hang\/\"},{\"@type\":\"ListItem\",\"position\":3,\"name\":\"Yoast SEO Premium\"}]},{\"@type\":\"WebSite\",\"@id\":\"https:\/\/theme.ch.io.vn\/#website\",\"url\":\"https:\/\/theme.ch.io.vn\/\",\"name\":\"Mua b\u00e1n Theme - Plugin wordpress\",\"description\":\"\",\"potentialAction\":[{\"@type\":\"SearchAction\",\"target\":{\"@type\":\"EntryPoint\",\"urlTemplate\":\"https:\/\/theme.ch.io.vn\/?s={search_term_string}\"},\"query-input\":{\"@type\":\"PropertyValueSpecification\",\"valueRequired\":true,\"valueName\":\"search_term_string\"}}],\"inLanguage\":\"en-US\"}]}<\/script>\n<!-- \/ Yoast SEO plugin. -->","yoast_head_json":{"title":"Yoast SEO Premium - Mua b\u00e1n Theme - Plugin wordpress","robots":{"index":"index","follow":"follow","max-snippet":"max-snippet:-1","max-image-preview":"max-image-preview:large","max-video-preview":"max-video-preview:-1"},"canonical":"https:\/\/theme.ch.io.vn\/en\/product\/yoast-seo-premium\/","og_locale":"en_US","og_type":"article","og_title":"Yoast SEO Premium - Mua b\u00e1n Theme - Plugin wordpress","og_description":"\u0110\u00e2y l\u00e0 b\u1ea3n Premium c\u1ee7a c\u00f4ng c\u1ee5 t\u1ed1i \u01b0u SEO On Page ph\u1ed5 bi\u1ebfn nh\u1ea5t hi\u1ec7n nay\u00a0Yoast SEO. Hi\u1ec7n c\u00f3\u00a05.000.000\u00a0t\u1ea3i v\u00e0 k\u00edch ho\u1ea1t, c\u00f3 th\u1ec3 n\u00f3i l\u00e0 m\u1ed9t SEO plugin \u0111\u01b0\u1ee3c y\u00eau th\u00edch nh\u1ea5t hi\u1ec7n nay. V\u1edbi phi\u00ean b\u1ea3n n\u00e0y b\u1ea1n s\u1ebd \u0111\u01b0\u1ee3c b\u1ed5 sung th\u00eam c\u00e1c t\u00ednh n\u0103ng nh\u01b0: Redirect manager\u00a0\u2013 Qu\u1ea3n l\u00fd v\u00e0 [...]","og_url":"https:\/\/theme.ch.io.vn\/en\/product\/yoast-seo-premium\/","og_site_name":"Mua b\u00e1n Theme - Plugin wordpress","article_modified_time":"2025-10-17T12:33:43+00:00","og_image":[{"width":400,"height":400,"url":"https:\/\/theme.ch.io.vn\/wp-content\/uploads\/2025\/10\/yoast-seo-premium-1.png","type":"image\/png"}],"twitter_card":"summary_large_image","twitter_misc":{"Est. reading time":"1 minute"},"schema":{"@context":"https:\/\/schema.org","@graph":[{"@type":"WebPage","@id":"https:\/\/theme.ch.io.vn\/san-pham\/yoast-seo-premium\/","url":"https:\/\/theme.ch.io.vn\/san-pham\/yoast-seo-premium\/","name":"Yoast SEO Premium - Mua b\u00e1n Theme - Plugin wordpress","isPartOf":{"@id":"https:\/\/theme.ch.io.vn\/#website"},"primaryImageOfPage":{"@id":"https:\/\/theme.ch.io.vn\/san-pham\/yoast-seo-premium\/#primaryimage"},"image":{"@id":"https:\/\/theme.ch.io.vn\/san-pham\/yoast-seo-premium\/#primaryimage"},"thumbnailUrl":"https:\/\/theme.ch.io.vn\/wp-content\/uploads\/2025\/10\/yoast-seo-premium-1.png","datePublished":"2025-10-15T03:27:56+00:00","dateModified":"2025-10-17T12:33:43+00:00","breadcrumb":{"@id":"https:\/\/theme.ch.io.vn\/san-pham\/yoast-seo-premium\/#breadcrumb"},"inLanguage":"en-US","potentialAction":[{"@type":"ReadAction","target":["https:\/\/theme.ch.io.vn\/san-pham\/yoast-seo-premium\/"]}]},{"@type":"ImageObject","inLanguage":"en-US","@id":"https:\/\/theme.ch.io.vn\/san-pham\/yoast-seo-premium\/#primaryimage","url":"https:\/\/theme.ch.io.vn\/wp-content\/uploads\/2025\/10\/yoast-seo-premium-1.png","contentUrl":"https:\/\/theme.ch.io.vn\/wp-content\/uploads\/2025\/10\/yoast-seo-premium-1.png","width":400,"height":400},{"@type":"BreadcrumbList","@id":"https:\/\/theme.ch.io.vn\/san-pham\/yoast-seo-premium\/#breadcrumb","itemListElement":[{"@type":"ListItem","position":1,"name":"Trang ch\u1ee7","item":"https:\/\/theme.ch.io.vn\/"},{"@type":"ListItem","position":2,"name":"C\u1eeda h\u00e0ng","item":"https:\/\/theme.ch.io.vn\/cua-hang\/"},{"@type":"ListItem","position":3,"name":"Yoast SEO Premium"}]},{"@type":"WebSite","@id":"https:\/\/theme.ch.io.vn\/#website","url":"https:\/\/theme.ch.io.vn\/","name":"Mua b\u00e1n Theme - Plugin wordpress","description":"","potentialAction":[{"@type":"SearchAction","target":{"@type":"EntryPoint","urlTemplate":"https:\/\/theme.ch.io.vn\/?s={search_term_string}"},"query-input":{"@type":"PropertyValueSpecification","valueRequired":true,"valueName":"search_term_string"}}],"inLanguage":"en-US"}]}},"_links":{"self":[{"href":"https:\/\/theme.ch.io.vn\/en\/wp-json\/wp\/v2\/product\/220","targetHints":{"allow":["GET"]}}],"collection":[{"href":"https:\/\/theme.ch.io.vn\/en\/wp-json\/wp\/v2\/product"}],"about":[{"href":"https:\/\/theme.ch.io.vn\/en\/wp-json\/wp\/v2\/types\/product"}],"replies":[{"embeddable":true,"href":"https:\/\/theme.ch.io.vn\/en\/wp-json\/wp\/v2\/comments?post=220"}],"wp:featuredmedia":[{"embeddable":true,"href":"https:\/\/theme.ch.io.vn\/en\/wp-json\/wp\/v2\/media\/221"}],"wp:attachment":[{"href":"https:\/\/theme.ch.io.vn\/en\/wp-json\/wp\/v2\/media?parent=220"}],"wp:term":[{"taxonomy":"product_brand","embeddable":true,"href":"https:\/\/theme.ch.io.vn\/en\/wp-json\/wp\/v2\/product_brand?post=220"},{"taxonomy":"product_cat","embeddable":true,"href":"https:\/\/theme.ch.io.vn\/en\/wp-json\/wp\/v2\/product_cat?post=220"},{"taxonomy":"product_tag","embeddable":true,"href":"https:\/\/theme.ch.io.vn\/en\/wp-json\/wp\/v2\/product_tag?post=220"}],"curies":[{"name":"wp","href":"https:\/\/api.w.org\/{rel}","templated":true}]}}