{"id":253,"date":"2025-10-15T04:36:00","date_gmt":"2025-10-15T04:36:00","guid":{"rendered":"https:\/\/thedevkits.dev\/?post_type=product&#038;p=253"},"modified":"2025-10-15T10:56:18","modified_gmt":"2025-10-15T10:56:18","slug":"security-ninja-pro","status":"publish","type":"product","link":"https:\/\/theme.ch.io.vn\/en\/product\/security-ninja-pro\/","title":{"rendered":"Security Ninja Pro"},"content":{"rendered":"<p>Security Ninja Pro l\u00e0 plugin b\u1ea3o m\u1eadt to\u00e0n di\u1ec7n d\u00e0nh cho WordPress, gi\u00fap b\u1ea3o v\u1ec7 website kh\u1ecfi c\u00e1c m\u1ed1i \u0111e d\u1ecda m\u1ea1ng hi\u1ec7n \u0111\u1ea1i, t\u1eeb hacker \u0111\u1ebfn malware v\u00e0 bot t\u1ef1 \u0111\u1ed9ng. N\u1ed9i dung d\u01b0\u1edbi \u0111\u00e2y s\u1ebd gi\u00fap hi\u1ec3u r\u00f5 v\u1ec1 s\u1ea3n ph\u1ea9m n\u00e0y:[1][2]\n<h4><strong>C\u00e1c t\u00ednh n\u0103ng ch\u00ednh<\/strong><\/h4>\n<ul>\n<li>Ki\u1ec3m tra h\u01a1n 50 ti\u00eau ch\u00ed b\u1ea3o m\u1eadt WordPress ch\u1ec9 b\u1eb1ng m\u1ed9t l\u1ea7n b\u1ea5m.<\/li>\n<li>Qu\u00e9t m\u00e3 \u0111\u1ed9c, c\u1ea3nh b\u00e1o l\u1ed7 h\u1ed5ng b\u1ea3o m\u1eadt v\u00e0 s\u1eeda l\u1ed7i t\u1ef1 \u0111\u1ed9ng.<\/li>\n<li>T\u01b0\u1eddng l\u1eeda b\u1ea3o v\u1ec7 website kh\u1ecfi t\u1ea5n c\u00f4ng brute-force v\u00e0 IP \u0111\u00e1ng ng\u1edd.<\/li>\n<li>T\u0103ng c\u01b0\u1eddng b\u1ea3o m\u1eadt \u0111\u0103ng nh\u1eadp v\u1edbi x\u00e1c th\u1ef1c hai b\u01b0\u1edbc (2FA).<\/li>\n<li>Ghi l\u1ea1i l\u1ecbch s\u1eed ho\u1ea1t \u0111\u1ed9ng c\u1ee7a ng\u01b0\u1eddi d\u00f9ng v\u00e0 c\u1ea3nh b\u00e1o s\u1ef1 ki\u1ec7n b\u1ea5t th\u01b0\u1eddng.<\/li>\n<li>Qu\u1ea3n l\u00fd file core, themes v\u00e0 plugin \u0111\u1ec3 ph\u00e1t hi\u1ec7n thay \u0111\u1ed5i tr\u00e1i ph\u00e9p.<\/li>\n<li>L\u1eadp l\u1ecbch qu\u00e9t b\u1ea3o m\u1eadt t\u1ef1 \u0111\u1ed9ng v\u00e0 g\u1eedi b\u00e1o c\u00e1o qua email.<\/li>\n<\/ul>\n<h4><strong>C\u00e1c t\u00ednh n\u0103ng n\u1ed5i b\u1eadt<\/strong><\/h4>\n<ul>\n<li>Ch\u1eb7n spam, bot \u0111\u1ed9c h\u1ea1i v\u00e0 chuy\u1ec3n h\u01b0\u1edbng kh\u00e1ch truy c\u1eadp b\u1ecb ch\u1eb7n.<\/li>\n<li>T\u00edch h\u1ee3p c\u1ea3nh b\u00e1o v\u1ec1 l\u1ed7 h\u1ed5ng plugin, themes th\u1eddi gian th\u1ef1c nh\u1edd c\u00f4ng ngh\u1ec7 Cloud Threat Intelligence.<\/li>\n<li>Qu\u1ea3n l\u00fd d\u1ec5 d\u00e0ng v\u1edbi dashboard th\u00e2n thi\u1ec7n cho c\u1ea3 ng\u01b0\u1eddi m\u1edbi b\u1eaft \u0111\u1ea7u.<\/li>\n<li>C\u00f3 th\u1ec3 k\u1ebft n\u1ed1i \u0111\u1ec3 g\u1eedi th\u00f4ng b\u00e1o b\u1ea3o m\u1eadt l\u00ean c\u00e1c d\u1ecbch v\u1ee5 b\u00ean ngo\u00e0i nh\u01b0 Slack.<\/li>\n<li>Nh\u1eadp\/xu\u1ea5t c\u1ea5u h\u00ecnh gi\u00fap tri\u1ec3n khai \u0111\u1ed3ng b\u1ed9 tr\u00ean nhi\u1ec1u website.<\/li>\n<\/ul>\n<h4><strong>T\u1ea1i sao l\u1ea1i l\u1ef1a ch\u1ecdn Security Ninja Pro?<\/strong><\/h4>\n<ul>\n<li>Cung c\u1ea5p gi\u1ea3i ph\u00e1p b\u1ea3o m\u1eadt to\u00e0n di\u1ec7n, hi\u1ec7u qu\u1ea3 v\u1edbi t\u1ed1c \u0111\u1ed9 cao m\u00e0 kh\u00f4ng l\u00e0m ch\u1eadm website.<\/li>\n<li>H\u1ed7 tr\u1ee3 c\u1ea3 qu\u1ea3n tr\u1ecb vi\u00ean m\u1edbi l\u1eabn chuy\u00ean gia, thao t\u00e1c \u0111\u01a1n gi\u1ea3n v\u00e0 nhi\u1ec1u h\u01b0\u1edbng d\u1eabn chi ti\u1ebft.<\/li>\n<li>B\u1ea3o v\u1ec7 website t\u1ee9c th\u00ec kh\u1ecfi c\u00e1c ki\u1ec3u t\u1ea5n c\u00f4ng ph\u1ed5 bi\u1ebfn, gi\u1ea3m thi\u1ec3u r\u1ee7i ro m\u1ea5t d\u1eef li\u1ec7u.<\/li>\n<li>B\u00e1o c\u00e1o minh b\u1ea1ch v\u1ec1 tr\u1ea1ng th\u00e1i b\u1ea3o m\u1eadt v\u00e0 c\u1ea3nh b\u00e1o nguy hi\u1ec3m ngay khi ph\u00e1t hi\u1ec7n.<\/li>\n<\/ul>\n<h4><strong>### \u0110i\u1ec3m m\u1ea1nh v\u00e0 \u0111i\u1ec3m y\u1ebfu<\/strong><\/h4>\n<p><strong>**\u0110i\u1ec3m m\u1ea1nh:**<\/strong><\/p>\n<ul>\n<li>D\u1ec5 s\u1eed d\u1ee5ng, thao t\u00e1c nhanh v\u1edbi dashboard tr\u1ef1c quan.<\/li>\n<li>T\u00edch h\u1ee3p nhi\u1ec1u t\u00ednh n\u0103ng b\u1ea3o m\u1eadt n\u00e2ng cao, ph\u00f9 h\u1ee3p m\u1ecdi quy m\u00f4 website.<\/li>\n<li>T\u1ed1i \u01b0u h\u00f3a \u0111\u1ec3 kh\u00f4ng l\u00e0m ch\u1eadm trang web.<\/li>\n<li>Th\u01b0\u1eddng xuy\u00ean c\u1eadp nh\u1eadt, b\u1eaft k\u1ecbp c\u00e1c l\u1ed7 h\u1ed5ng m\u1edbi.<\/li>\n<\/ul>\n<p><strong>**\u0110i\u1ec3m y\u1ebfu:**<\/strong><\/p>\n<ul>\n<li>M\u1ed9t s\u1ed1 t\u00ednh n\u0103ng n\u00e2ng cao ch\u1ec9 c\u00f3 \u1edf b\u1ea3n Pro.<\/li>\n<li>B\u00e1o \u0111\u1ed9ng b\u1ea3o m\u1eadt c\u00f3 th\u1ec3 h\u01a1i nhi\u1ec1u v\u1edbi trang web nh\u1ecf, g\u00e2y hoang mang n\u1ebfu kh\u00f4ng ki\u1ec3m so\u00e1t t\u1ed1t.<\/li>\n<li>Giao di\u1ec7n ti\u1ebfng Vi\u1ec7t ch\u01b0a th\u1eadt t\u1ed1i \u01b0u tr\u00ean m\u1ed9t s\u1ed1 phi\u00ean b\u1ea3n.<\/li>\n<\/ul>\n<h4><strong>C\u00e1c s\u1ea3n ph\u1ea9m \u0111\u1ed1i th\u1ee7 c\u1ee7a Security Ninja Pro<\/strong><\/h4>\n<ul>\n<li>Wordfence Security: plugin b\u1ea3o m\u1eadt ph\u1ed5 bi\u1ebfn nh\u1ea5t v\u1edbi t\u01b0\u1eddng l\u1eeda, qu\u00e9t m\u00e3 \u0111\u1ed9c, gi\u00e1m s\u00e1t traffic, ph\u00f9 h\u1ee3p site l\u1edbn.<\/li>\n<li>iThemes Security (Solid Security): t\u1eadp trung ki\u1ec3m so\u00e1t \u0111\u0103ng nh\u1eadp, qu\u00e9t l\u1ed7 h\u1ed5ng, gi\u00fap b\u1ea3o v\u1ec7 tr\u01b0\u1edbc nhi\u1ec1u d\u1ea1ng t\u1ea5n c\u00f4ng.<\/li>\n<li>Sucuri Security: m\u1ea1nh v\u1ec1 ph\u00e1t hi\u1ec7n m\u00e3 \u0111\u1ed9c v\u00e0 gi\u00e1m s\u00e1t website th\u1eddi gian th\u1ef1c, ph\u00f2ng ch\u1ed1ng malware chuy\u00ean s\u00e2u.<\/li>\n<\/ul>","protected":false},"excerpt":{"rendered":"<p>Security Ninja Pro l\u00e0 plugin b\u1ea3o m\u1eadt to\u00e0n di\u1ec7n d\u00e0nh cho WordPress, gi\u00fap b\u1ea3o v\u1ec7 website kh\u1ecfi c\u00e1c m\u1ed1i \u0111e d\u1ecda m\u1ea1ng hi\u1ec7n \u0111\u1ea1i, t\u1eeb hacker \u0111\u1ebfn malware v\u00e0 bot t\u1ef1 \u0111\u1ed9ng. N\u1ed9i dung d\u01b0\u1edbi \u0111\u00e2y s\u1ebd gi\u00fap hi\u1ec3u r\u00f5 v\u1ec1 s\u1ea3n ph\u1ea9m n\u00e0y:[1][2] C\u00e1c t\u00ednh n\u0103ng ch\u00ednh Ki\u1ec3m tra h\u01a1n 50 ti\u00eau ch\u00ed b\u1ea3o [&#8230;]","protected":false},"featured_media":254,"comment_status":"open","ping_status":"closed","template":"","meta":{"_acf_changed":false,"inline_featured_image":false},"product_brand":[64],"product_cat":[112],"product_tag":[],"class_list":{"0":"post-253","1":"product","2":"type-product","3":"status-publish","4":"has-post-thumbnail","6":"feature-bao-mat-sao-luu","7":"feature-thuong-mai-dien-tu","8":"feature-tien-ich","9":"feature-tiep-thi-lien-ket","10":"topic-nha-hang-cafe","11":"topic-nhiep-anh","12":"topic-o-to-xe-may","13":"product_brand-code-canyon","14":"product_cat-dac-biet","16":"first","17":"instock","18":"downloadable","19":"shipping-taxable","20":"purchasable","21":"product-type-simple"},"acf":[],"yoast_head":"<!-- This site is optimized with the Yoast SEO plugin v26.1.1 - https:\/\/yoast.com\/wordpress\/plugins\/seo\/ -->\n<title>Security Ninja Pro - Mua b\u00e1n Theme - Plugin wordpress<\/title>\n<meta name=\"robots\" content=\"index, follow, max-snippet:-1, max-image-preview:large, max-video-preview:-1\" \/>\n<link rel=\"canonical\" href=\"https:\/\/theme.ch.io.vn\/en\/product\/security-ninja-pro\/\" \/>\n<meta property=\"og:locale\" content=\"en_US\" \/>\n<meta property=\"og:type\" content=\"article\" \/>\n<meta property=\"og:title\" content=\"Security Ninja Pro - Mua b\u00e1n Theme - Plugin wordpress\" \/>\n<meta property=\"og:description\" content=\"Security Ninja Pro l\u00e0 plugin b\u1ea3o m\u1eadt to\u00e0n di\u1ec7n d\u00e0nh cho WordPress, gi\u00fap b\u1ea3o v\u1ec7 website kh\u1ecfi c\u00e1c m\u1ed1i \u0111e d\u1ecda m\u1ea1ng hi\u1ec7n \u0111\u1ea1i, t\u1eeb hacker \u0111\u1ebfn malware v\u00e0 bot t\u1ef1 \u0111\u1ed9ng. N\u1ed9i dung d\u01b0\u1edbi \u0111\u00e2y s\u1ebd gi\u00fap hi\u1ec3u r\u00f5 v\u1ec1 s\u1ea3n ph\u1ea9m n\u00e0y:[1][2] C\u00e1c t\u00ednh n\u0103ng ch\u00ednh Ki\u1ec3m tra h\u01a1n 50 ti\u00eau ch\u00ed b\u1ea3o [...]\" \/>\n<meta property=\"og:url\" content=\"https:\/\/theme.ch.io.vn\/en\/product\/security-ninja-pro\/\" \/>\n<meta property=\"og:site_name\" content=\"Mua b\u00e1n Theme - Plugin wordpress\" \/>\n<meta property=\"article:modified_time\" content=\"2025-10-15T10:56:18+00:00\" \/>\n<meta property=\"og:image\" content=\"https:\/\/theme.ch.io.vn\/wp-content\/uploads\/2025\/10\/Security-Ninja-Pro.jpg\" \/>\n\t<meta property=\"og:image:width\" content=\"400\" \/>\n\t<meta property=\"og:image:height\" content=\"400\" \/>\n\t<meta property=\"og:image:type\" content=\"image\/jpeg\" \/>\n<meta name=\"twitter:card\" content=\"summary_large_image\" \/>\n<meta name=\"twitter:label1\" content=\"Est. reading time\" \/>\n\t<meta name=\"twitter:data1\" content=\"3 minutes\" \/>\n<script type=\"application\/ld+json\" class=\"yoast-schema-graph\">{\"@context\":\"https:\/\/schema.org\",\"@graph\":[{\"@type\":\"WebPage\",\"@id\":\"https:\/\/theme.ch.io.vn\/san-pham\/security-ninja-pro\/\",\"url\":\"https:\/\/theme.ch.io.vn\/san-pham\/security-ninja-pro\/\",\"name\":\"Security Ninja Pro - Mua b\u00e1n Theme - Plugin wordpress\",\"isPartOf\":{\"@id\":\"https:\/\/theme.ch.io.vn\/#website\"},\"primaryImageOfPage\":{\"@id\":\"https:\/\/theme.ch.io.vn\/san-pham\/security-ninja-pro\/#primaryimage\"},\"image\":{\"@id\":\"https:\/\/theme.ch.io.vn\/san-pham\/security-ninja-pro\/#primaryimage\"},\"thumbnailUrl\":\"https:\/\/theme.ch.io.vn\/wp-content\/uploads\/2025\/10\/Security-Ninja-Pro.jpg\",\"datePublished\":\"2025-10-15T04:36:00+00:00\",\"dateModified\":\"2025-10-15T10:56:18+00:00\",\"breadcrumb\":{\"@id\":\"https:\/\/theme.ch.io.vn\/san-pham\/security-ninja-pro\/#breadcrumb\"},\"inLanguage\":\"en-US\",\"potentialAction\":[{\"@type\":\"ReadAction\",\"target\":[\"https:\/\/theme.ch.io.vn\/san-pham\/security-ninja-pro\/\"]}]},{\"@type\":\"ImageObject\",\"inLanguage\":\"en-US\",\"@id\":\"https:\/\/theme.ch.io.vn\/san-pham\/security-ninja-pro\/#primaryimage\",\"url\":\"https:\/\/theme.ch.io.vn\/wp-content\/uploads\/2025\/10\/Security-Ninja-Pro.jpg\",\"contentUrl\":\"https:\/\/theme.ch.io.vn\/wp-content\/uploads\/2025\/10\/Security-Ninja-Pro.jpg\",\"width\":400,\"height\":400},{\"@type\":\"BreadcrumbList\",\"@id\":\"https:\/\/theme.ch.io.vn\/san-pham\/security-ninja-pro\/#breadcrumb\",\"itemListElement\":[{\"@type\":\"ListItem\",\"position\":1,\"name\":\"Trang ch\u1ee7\",\"item\":\"https:\/\/theme.ch.io.vn\/\"},{\"@type\":\"ListItem\",\"position\":2,\"name\":\"C\u1eeda h\u00e0ng\",\"item\":\"https:\/\/theme.ch.io.vn\/cua-hang\/\"},{\"@type\":\"ListItem\",\"position\":3,\"name\":\"Security Ninja Pro\"}]},{\"@type\":\"WebSite\",\"@id\":\"https:\/\/theme.ch.io.vn\/#website\",\"url\":\"https:\/\/theme.ch.io.vn\/\",\"name\":\"Mua b\u00e1n Theme - Plugin wordpress\",\"description\":\"\",\"potentialAction\":[{\"@type\":\"SearchAction\",\"target\":{\"@type\":\"EntryPoint\",\"urlTemplate\":\"https:\/\/theme.ch.io.vn\/?s={search_term_string}\"},\"query-input\":{\"@type\":\"PropertyValueSpecification\",\"valueRequired\":true,\"valueName\":\"search_term_string\"}}],\"inLanguage\":\"en-US\"}]}<\/script>\n<!-- \/ Yoast SEO plugin. -->","yoast_head_json":{"title":"Security Ninja Pro - Mua b\u00e1n Theme - Plugin wordpress","robots":{"index":"index","follow":"follow","max-snippet":"max-snippet:-1","max-image-preview":"max-image-preview:large","max-video-preview":"max-video-preview:-1"},"canonical":"https:\/\/theme.ch.io.vn\/en\/product\/security-ninja-pro\/","og_locale":"en_US","og_type":"article","og_title":"Security Ninja Pro - Mua b\u00e1n Theme - Plugin wordpress","og_description":"Security Ninja Pro l\u00e0 plugin b\u1ea3o m\u1eadt to\u00e0n di\u1ec7n d\u00e0nh cho WordPress, gi\u00fap b\u1ea3o v\u1ec7 website kh\u1ecfi c\u00e1c m\u1ed1i \u0111e d\u1ecda m\u1ea1ng hi\u1ec7n \u0111\u1ea1i, t\u1eeb hacker \u0111\u1ebfn malware v\u00e0 bot t\u1ef1 \u0111\u1ed9ng. N\u1ed9i dung d\u01b0\u1edbi \u0111\u00e2y s\u1ebd gi\u00fap hi\u1ec3u r\u00f5 v\u1ec1 s\u1ea3n ph\u1ea9m n\u00e0y:[1][2] C\u00e1c t\u00ednh n\u0103ng ch\u00ednh Ki\u1ec3m tra h\u01a1n 50 ti\u00eau ch\u00ed b\u1ea3o [...]","og_url":"https:\/\/theme.ch.io.vn\/en\/product\/security-ninja-pro\/","og_site_name":"Mua b\u00e1n Theme - Plugin wordpress","article_modified_time":"2025-10-15T10:56:18+00:00","og_image":[{"width":400,"height":400,"url":"https:\/\/theme.ch.io.vn\/wp-content\/uploads\/2025\/10\/Security-Ninja-Pro.jpg","type":"image\/jpeg"}],"twitter_card":"summary_large_image","twitter_misc":{"Est. reading time":"3 minutes"},"schema":{"@context":"https:\/\/schema.org","@graph":[{"@type":"WebPage","@id":"https:\/\/theme.ch.io.vn\/san-pham\/security-ninja-pro\/","url":"https:\/\/theme.ch.io.vn\/san-pham\/security-ninja-pro\/","name":"Security Ninja Pro - Mua b\u00e1n Theme - Plugin wordpress","isPartOf":{"@id":"https:\/\/theme.ch.io.vn\/#website"},"primaryImageOfPage":{"@id":"https:\/\/theme.ch.io.vn\/san-pham\/security-ninja-pro\/#primaryimage"},"image":{"@id":"https:\/\/theme.ch.io.vn\/san-pham\/security-ninja-pro\/#primaryimage"},"thumbnailUrl":"https:\/\/theme.ch.io.vn\/wp-content\/uploads\/2025\/10\/Security-Ninja-Pro.jpg","datePublished":"2025-10-15T04:36:00+00:00","dateModified":"2025-10-15T10:56:18+00:00","breadcrumb":{"@id":"https:\/\/theme.ch.io.vn\/san-pham\/security-ninja-pro\/#breadcrumb"},"inLanguage":"en-US","potentialAction":[{"@type":"ReadAction","target":["https:\/\/theme.ch.io.vn\/san-pham\/security-ninja-pro\/"]}]},{"@type":"ImageObject","inLanguage":"en-US","@id":"https:\/\/theme.ch.io.vn\/san-pham\/security-ninja-pro\/#primaryimage","url":"https:\/\/theme.ch.io.vn\/wp-content\/uploads\/2025\/10\/Security-Ninja-Pro.jpg","contentUrl":"https:\/\/theme.ch.io.vn\/wp-content\/uploads\/2025\/10\/Security-Ninja-Pro.jpg","width":400,"height":400},{"@type":"BreadcrumbList","@id":"https:\/\/theme.ch.io.vn\/san-pham\/security-ninja-pro\/#breadcrumb","itemListElement":[{"@type":"ListItem","position":1,"name":"Trang ch\u1ee7","item":"https:\/\/theme.ch.io.vn\/"},{"@type":"ListItem","position":2,"name":"C\u1eeda h\u00e0ng","item":"https:\/\/theme.ch.io.vn\/cua-hang\/"},{"@type":"ListItem","position":3,"name":"Security Ninja Pro"}]},{"@type":"WebSite","@id":"https:\/\/theme.ch.io.vn\/#website","url":"https:\/\/theme.ch.io.vn\/","name":"Mua b\u00e1n Theme - Plugin wordpress","description":"","potentialAction":[{"@type":"SearchAction","target":{"@type":"EntryPoint","urlTemplate":"https:\/\/theme.ch.io.vn\/?s={search_term_string}"},"query-input":{"@type":"PropertyValueSpecification","valueRequired":true,"valueName":"search_term_string"}}],"inLanguage":"en-US"}]}},"_links":{"self":[{"href":"https:\/\/theme.ch.io.vn\/en\/wp-json\/wp\/v2\/product\/253","targetHints":{"allow":["GET"]}}],"collection":[{"href":"https:\/\/theme.ch.io.vn\/en\/wp-json\/wp\/v2\/product"}],"about":[{"href":"https:\/\/theme.ch.io.vn\/en\/wp-json\/wp\/v2\/types\/product"}],"replies":[{"embeddable":true,"href":"https:\/\/theme.ch.io.vn\/en\/wp-json\/wp\/v2\/comments?post=253"}],"wp:featuredmedia":[{"embeddable":true,"href":"https:\/\/theme.ch.io.vn\/en\/wp-json\/wp\/v2\/media\/254"}],"wp:attachment":[{"href":"https:\/\/theme.ch.io.vn\/en\/wp-json\/wp\/v2\/media?parent=253"}],"wp:term":[{"taxonomy":"product_brand","embeddable":true,"href":"https:\/\/theme.ch.io.vn\/en\/wp-json\/wp\/v2\/product_brand?post=253"},{"taxonomy":"product_cat","embeddable":true,"href":"https:\/\/theme.ch.io.vn\/en\/wp-json\/wp\/v2\/product_cat?post=253"},{"taxonomy":"product_tag","embeddable":true,"href":"https:\/\/theme.ch.io.vn\/en\/wp-json\/wp\/v2\/product_tag?post=253"}],"curies":[{"name":"wp","href":"https:\/\/api.w.org\/{rel}","templated":true}]}}