{"id":275,"date":"2025-10-15T05:20:42","date_gmt":"2025-10-15T05:20:42","guid":{"rendered":"https:\/\/thedevkits.dev\/?post_type=product&#038;p=275"},"modified":"2025-10-17T12:32:46","modified_gmt":"2025-10-17T12:32:46","slug":"uncode-creative-multiuse-wordpress-theme","status":"publish","type":"product","link":"https:\/\/theme.ch.io.vn\/en\/product\/uncode-creative-multiuse-wordpress-theme\/","title":{"rendered":"Uncode \u2013 Creative Multiuse WordPress Theme"},"content":{"rendered":"<p>Uncode is a multi-purpose theme based on foundation WPBakery Page Builder to suit all needs, from freelance, design, web, marketing, blog, magazine, portfolio, photography, corporate, event, ecommerce. Drag and drop functionality to help you build your website quickly and efficiently. With more than 40 design has been made available, you can build any design you want. If you're looking for a modern WordPress theme, then Uncode is a great choice to help you get a professional website eye-catching.<\/p>\n<p>A number of outstanding features tubers products include:<\/p>\n<ul>\n<li>Drag\u2019n\u2019drop\u00a0<strong>Page builder<\/strong><\/li>\n<li>Extensive\u00a0<strong>Theme Options<\/strong>\u00a0based on the WordPress template hierarchy (Post, Portfolio, Page, Author &amp; Product)<\/li>\n<li><strong>Adaptive Images System<\/strong><\/li>\n<li>Enhanced\u00a0<strong>Media Library<\/strong><\/li>\n<li>Smart\u00a0<strong>Cascade Options<\/strong>\u00a0System<\/li>\n<li>Extended\u00a0<strong>Customise Options<\/strong><\/li>\n<li>Unique\u00a0<strong>Light &amp; Dark Skins<\/strong>\u00a0setup<\/li>\n<li>Intelligent\u00a0<strong>Color System<\/strong><\/li>\n<li>Automatized\u00a0<strong>Built-in Megamenu<\/strong><\/li>\n<li><strong>1 Click Import<\/strong><\/li>\n<li>Easy\u00a0<strong>Automatic Updates<\/strong><\/li>\n<li><strong>Page Builder elements<\/strong>: Row, Posts, Media Gallery, Single Media, Heading, Text Block, Icon Box, Button, Content Block VC, Content<\/li>\n<li><strong>WPML Certified (Multilingual)<\/strong><\/li>\n<li><strong>Rtl Support (Admin)<\/strong><\/li>\n<li><strong>Translation ready<\/strong>\u00a0with mo\/po files<\/li>\n<li><strong>Social Networks<\/strong><\/li>\n<li><strong>Footer<\/strong>\u00a0Variations &amp; custom footer builder<\/li>\n<li><strong>Responsive Visibility Options<\/strong><\/li>\n<li><strong>Maintenance Page<\/strong>\u00a0for custom Coming Soon<\/li>\n<li><strong>Recommended Posts<\/strong>\u00a0System<\/li>\n<li><strong>Unlimited Sidebars<\/strong><\/li>\n<li><strong>Child Theme<\/strong>\u00a0support<\/li>\n<li><strong>HTML &amp; CSS editors<\/strong><\/li>\n<\/ul>\n<p><img loading=\"lazy\" decoding=\"async\" class=\"alignnone size-full wp-image-20094\" src=\"https:\/\/static.thedevkit.com\/2017\/12\/uncode-1.jpg\" sizes=\"auto, (max-width: 1232px) 100vw, 1232px\" srcset=\"https:\/\/static.thedevkit.com\/2017\/12\/uncode-1-255x300.jpg 255w, https:\/\/static.thedevkit.com\/2017\/12\/uncode-1-400x470.jpg 400w, https:\/\/static.thedevkit.com\/2017\/12\/uncode-1-768x902.jpg 768w, https:\/\/static.thedevkit.com\/2017\/12\/uncode-1-872x1024.jpg 872w, https:\/\/static.thedevkit.com\/2017\/12\/uncode-1.jpg 1232w\" alt=\"\" width=\"1232\" height=\"1447\" \/>\u00a0<img loading=\"lazy\" decoding=\"async\" class=\"alignnone size-full wp-image-20095\" src=\"https:\/\/static.thedevkit.com\/2017\/12\/uncode-2.jpg\" sizes=\"auto, (max-width: 1232px) 100vw, 1232px\" srcset=\"https:\/\/static.thedevkit.com\/2017\/12\/uncode-2-168x300.jpg 168w, https:\/\/static.thedevkit.com\/2017\/12\/uncode-2-400x714.jpg 400w, https:\/\/static.thedevkit.com\/2017\/12\/uncode-2-573x1024.jpg 573w, https:\/\/static.thedevkit.com\/2017\/12\/uncode-2-768x1371.jpg 768w, https:\/\/static.thedevkit.com\/2017\/12\/uncode-2.jpg 1232w\" alt=\"\" width=\"1232\" height=\"2200\" \/>\u00a0<img loading=\"lazy\" decoding=\"async\" class=\"alignnone size-full wp-image-20096\" src=\"https:\/\/static.thedevkit.com\/2017\/12\/uncode-3.jpg\" sizes=\"auto, (max-width: 1232px) 100vw, 1232px\" srcset=\"https:\/\/static.thedevkit.com\/2017\/12\/uncode-3-300x256.jpg 300w, https:\/\/static.thedevkit.com\/2017\/12\/uncode-3-400x342.jpg 400w, https:\/\/static.thedevkit.com\/2017\/12\/uncode-3-768x656.jpg 768w, https:\/\/static.thedevkit.com\/2017\/12\/uncode-3-1024x875.jpg 1024w, https:\/\/static.thedevkit.com\/2017\/12\/uncode-3.jpg 1232w\" alt=\"\" width=\"1232\" height=\"1053\" \/>\u00a0<img loading=\"lazy\" decoding=\"async\" class=\"alignnone size-full wp-image-20097\" src=\"https:\/\/static.thedevkit.com\/2017\/12\/uncode-4.jpg\" sizes=\"auto, (max-width: 1232px) 100vw, 1232px\" srcset=\"https:\/\/static.thedevkit.com\/2017\/12\/uncode-4-300x242.jpg 300w, https:\/\/static.thedevkit.com\/2017\/12\/uncode-4-400x322.jpg 400w, https:\/\/static.thedevkit.com\/2017\/12\/uncode-4-768x619.jpg 768w, https:\/\/static.thedevkit.com\/2017\/12\/uncode-4-1024x825.jpg 1024w, https:\/\/static.thedevkit.com\/2017\/12\/uncode-4.jpg 1232w\" alt=\"\" width=\"1232\" height=\"993\" \/>\u00a0<img loading=\"lazy\" decoding=\"async\" class=\"alignnone size-full wp-image-20098\" src=\"https:\/\/static.thedevkit.com\/2017\/12\/uncode-5.jpg\" sizes=\"auto, (max-width: 1232px) 100vw, 1232px\" srcset=\"https:\/\/static.thedevkit.com\/2017\/12\/uncode-5-300x221.jpg 300w, https:\/\/static.thedevkit.com\/2017\/12\/uncode-5-400x294.jpg 400w, https:\/\/static.thedevkit.com\/2017\/12\/uncode-5-768x565.jpg 768w, https:\/\/static.thedevkit.com\/2017\/12\/uncode-5-1024x753.jpg 1024w, https:\/\/static.thedevkit.com\/2017\/12\/uncode-5.jpg 1232w\" alt=\"\" width=\"1232\" height=\"906\" \/><\/p>","protected":false},"excerpt":{"rendered":"<p>Uncode l\u00e0 m\u1ed9t theme multi-purpose d\u1ef1a tr\u00ean n\u1ec1n t\u1ea3ng WPBakery Page Builder ph\u00f9 h\u1ee3p v\u1edbi m\u1ecdi nhu c\u1ea7u, t\u1eeb freelance, thi\u1ebft k\u1ebf, l\u00e0m web, marketing, blog, t\u1ea1p ch\u00ed, portfolio, nhi\u1ebfp \u1ea3nh, doanh nghi\u1ec7p, s\u1ef1 ki\u1ec7n, ecommerce. T\u00ednh n\u0103ng k\u00e9o th\u1ea3 gi\u00fap b\u1ea1n x\u00e2y d\u1ef1ng website nhanh ch\u00f3ng, hi\u1ec7u qu\u1ea3. V\u1edbi h\u01a1n 40 thi\u1ebft k\u1ebf \u0111\u00e3 [&#8230;]","protected":false},"featured_media":276,"comment_status":"open","ping_status":"closed","template":"","meta":{"_acf_changed":false,"inline_featured_image":false},"product_brand":[62],"product_cat":[112,111],"product_tag":[],"class_list":{"0":"post-275","1":"product","2":"type-product","3":"status-publish","4":"has-post-thumbnail","6":"feature-dich-thuat","7":"feature-dien-dan","8":"feature-giao-dien","9":"feature-thuong-mai-dien-tu","10":"feature-tien-ich","11":"feature-tiep-thi-lien-ket","12":"topic-blog-tin-tuc","13":"topic-doanh-nghiep","14":"topic-nha-hang-cafe","15":"topic-nhiep-anh","16":"topic-o-to-xe-may","17":"product_brand-bookingpress","18":"product_cat-dac-biet","19":"product_cat-premium-key","21":"first","22":"instock","23":"shipping-taxable","24":"purchasable","25":"product-type-simple"},"acf":[],"yoast_head":"<!-- This site is optimized with the Yoast SEO plugin v26.1.1 - https:\/\/yoast.com\/wordpress\/plugins\/seo\/ -->\n<title>Uncode \u2013 Creative Multiuse WordPress Theme - Mua b\u00e1n Theme - Plugin wordpress<\/title>\n<meta name=\"robots\" content=\"index, follow, max-snippet:-1, max-image-preview:large, max-video-preview:-1\" \/>\n<link rel=\"canonical\" href=\"https:\/\/theme.ch.io.vn\/en\/product\/uncode-creative-multiuse-wordpress-theme\/\" \/>\n<meta property=\"og:locale\" content=\"en_US\" \/>\n<meta property=\"og:type\" content=\"article\" \/>\n<meta property=\"og:title\" content=\"Uncode \u2013 Creative Multiuse WordPress Theme - Mua b\u00e1n Theme - Plugin wordpress\" \/>\n<meta property=\"og:description\" content=\"Uncode l\u00e0 m\u1ed9t theme multi-purpose d\u1ef1a tr\u00ean n\u1ec1n t\u1ea3ng WPBakery Page Builder ph\u00f9 h\u1ee3p v\u1edbi m\u1ecdi nhu c\u1ea7u, t\u1eeb freelance, thi\u1ebft k\u1ebf, l\u00e0m web, marketing, blog, t\u1ea1p ch\u00ed, portfolio, nhi\u1ebfp \u1ea3nh, doanh nghi\u1ec7p, s\u1ef1 ki\u1ec7n, ecommerce. T\u00ednh n\u0103ng k\u00e9o th\u1ea3 gi\u00fap b\u1ea1n x\u00e2y d\u1ef1ng website nhanh ch\u00f3ng, hi\u1ec7u qu\u1ea3. V\u1edbi h\u01a1n 40 thi\u1ebft k\u1ebf \u0111\u00e3 [...]\" \/>\n<meta property=\"og:url\" content=\"https:\/\/theme.ch.io.vn\/en\/product\/uncode-creative-multiuse-wordpress-theme\/\" \/>\n<meta property=\"og:site_name\" content=\"Mua b\u00e1n Theme - Plugin wordpress\" \/>\n<meta property=\"article:modified_time\" content=\"2025-10-17T12:32:46+00:00\" \/>\n<meta property=\"og:image\" content=\"https:\/\/theme.ch.io.vn\/wp-content\/uploads\/2025\/10\/Uncode-creative-multiuse-wordpress-theme.png\" \/>\n\t<meta property=\"og:image:width\" content=\"400\" \/>\n\t<meta property=\"og:image:height\" content=\"400\" \/>\n\t<meta property=\"og:image:type\" content=\"image\/png\" \/>\n<meta name=\"twitter:card\" content=\"summary_large_image\" \/>\n<meta name=\"twitter:label1\" content=\"Est. reading time\" \/>\n\t<meta name=\"twitter:data1\" content=\"1 minute\" \/>\n<script type=\"application\/ld+json\" class=\"yoast-schema-graph\">{\"@context\":\"https:\/\/schema.org\",\"@graph\":[{\"@type\":\"WebPage\",\"@id\":\"https:\/\/theme.ch.io.vn\/san-pham\/uncode-creative-multiuse-wordpress-theme\/\",\"url\":\"https:\/\/theme.ch.io.vn\/san-pham\/uncode-creative-multiuse-wordpress-theme\/\",\"name\":\"Uncode \u2013 Creative Multiuse WordPress Theme - Mua b\u00e1n Theme - Plugin wordpress\",\"isPartOf\":{\"@id\":\"https:\/\/theme.ch.io.vn\/#website\"},\"primaryImageOfPage\":{\"@id\":\"https:\/\/theme.ch.io.vn\/san-pham\/uncode-creative-multiuse-wordpress-theme\/#primaryimage\"},\"image\":{\"@id\":\"https:\/\/theme.ch.io.vn\/san-pham\/uncode-creative-multiuse-wordpress-theme\/#primaryimage\"},\"thumbnailUrl\":\"https:\/\/theme.ch.io.vn\/wp-content\/uploads\/2025\/10\/Uncode-creative-multiuse-wordpress-theme.png\",\"datePublished\":\"2025-10-15T05:20:42+00:00\",\"dateModified\":\"2025-10-17T12:32:46+00:00\",\"breadcrumb\":{\"@id\":\"https:\/\/theme.ch.io.vn\/san-pham\/uncode-creative-multiuse-wordpress-theme\/#breadcrumb\"},\"inLanguage\":\"en-US\",\"potentialAction\":[{\"@type\":\"ReadAction\",\"target\":[\"https:\/\/theme.ch.io.vn\/san-pham\/uncode-creative-multiuse-wordpress-theme\/\"]}]},{\"@type\":\"ImageObject\",\"inLanguage\":\"en-US\",\"@id\":\"https:\/\/theme.ch.io.vn\/san-pham\/uncode-creative-multiuse-wordpress-theme\/#primaryimage\",\"url\":\"https:\/\/theme.ch.io.vn\/wp-content\/uploads\/2025\/10\/Uncode-creative-multiuse-wordpress-theme.png\",\"contentUrl\":\"https:\/\/theme.ch.io.vn\/wp-content\/uploads\/2025\/10\/Uncode-creative-multiuse-wordpress-theme.png\",\"width\":400,\"height\":400},{\"@type\":\"BreadcrumbList\",\"@id\":\"https:\/\/theme.ch.io.vn\/san-pham\/uncode-creative-multiuse-wordpress-theme\/#breadcrumb\",\"itemListElement\":[{\"@type\":\"ListItem\",\"position\":1,\"name\":\"Trang ch\u1ee7\",\"item\":\"https:\/\/theme.ch.io.vn\/\"},{\"@type\":\"ListItem\",\"position\":2,\"name\":\"C\u1eeda h\u00e0ng\",\"item\":\"https:\/\/theme.ch.io.vn\/cua-hang\/\"},{\"@type\":\"ListItem\",\"position\":3,\"name\":\"Uncode \u2013 Creative Multiuse WordPress Theme\"}]},{\"@type\":\"WebSite\",\"@id\":\"https:\/\/theme.ch.io.vn\/#website\",\"url\":\"https:\/\/theme.ch.io.vn\/\",\"name\":\"Mua b\u00e1n Theme - Plugin wordpress\",\"description\":\"\",\"potentialAction\":[{\"@type\":\"SearchAction\",\"target\":{\"@type\":\"EntryPoint\",\"urlTemplate\":\"https:\/\/theme.ch.io.vn\/?s={search_term_string}\"},\"query-input\":{\"@type\":\"PropertyValueSpecification\",\"valueRequired\":true,\"valueName\":\"search_term_string\"}}],\"inLanguage\":\"en-US\"}]}<\/script>\n<!-- \/ Yoast SEO plugin. -->","yoast_head_json":{"title":"Uncode \u2013 Creative Multiuse WordPress Theme - Mua b\u00e1n Theme - Plugin wordpress","robots":{"index":"index","follow":"follow","max-snippet":"max-snippet:-1","max-image-preview":"max-image-preview:large","max-video-preview":"max-video-preview:-1"},"canonical":"https:\/\/theme.ch.io.vn\/en\/product\/uncode-creative-multiuse-wordpress-theme\/","og_locale":"en_US","og_type":"article","og_title":"Uncode \u2013 Creative Multiuse WordPress Theme - Mua b\u00e1n Theme - Plugin wordpress","og_description":"Uncode l\u00e0 m\u1ed9t theme multi-purpose d\u1ef1a tr\u00ean n\u1ec1n t\u1ea3ng WPBakery Page Builder ph\u00f9 h\u1ee3p v\u1edbi m\u1ecdi nhu c\u1ea7u, t\u1eeb freelance, thi\u1ebft k\u1ebf, l\u00e0m web, marketing, blog, t\u1ea1p ch\u00ed, portfolio, nhi\u1ebfp \u1ea3nh, doanh nghi\u1ec7p, s\u1ef1 ki\u1ec7n, ecommerce. T\u00ednh n\u0103ng k\u00e9o th\u1ea3 gi\u00fap b\u1ea1n x\u00e2y d\u1ef1ng website nhanh ch\u00f3ng, hi\u1ec7u qu\u1ea3. V\u1edbi h\u01a1n 40 thi\u1ebft k\u1ebf \u0111\u00e3 [...]","og_url":"https:\/\/theme.ch.io.vn\/en\/product\/uncode-creative-multiuse-wordpress-theme\/","og_site_name":"Mua b\u00e1n Theme - Plugin wordpress","article_modified_time":"2025-10-17T12:32:46+00:00","og_image":[{"width":400,"height":400,"url":"https:\/\/theme.ch.io.vn\/wp-content\/uploads\/2025\/10\/Uncode-creative-multiuse-wordpress-theme.png","type":"image\/png"}],"twitter_card":"summary_large_image","twitter_misc":{"Est. reading time":"1 minute"},"schema":{"@context":"https:\/\/schema.org","@graph":[{"@type":"WebPage","@id":"https:\/\/theme.ch.io.vn\/san-pham\/uncode-creative-multiuse-wordpress-theme\/","url":"https:\/\/theme.ch.io.vn\/san-pham\/uncode-creative-multiuse-wordpress-theme\/","name":"Uncode \u2013 Creative Multiuse WordPress Theme - Mua b\u00e1n Theme - Plugin wordpress","isPartOf":{"@id":"https:\/\/theme.ch.io.vn\/#website"},"primaryImageOfPage":{"@id":"https:\/\/theme.ch.io.vn\/san-pham\/uncode-creative-multiuse-wordpress-theme\/#primaryimage"},"image":{"@id":"https:\/\/theme.ch.io.vn\/san-pham\/uncode-creative-multiuse-wordpress-theme\/#primaryimage"},"thumbnailUrl":"https:\/\/theme.ch.io.vn\/wp-content\/uploads\/2025\/10\/Uncode-creative-multiuse-wordpress-theme.png","datePublished":"2025-10-15T05:20:42+00:00","dateModified":"2025-10-17T12:32:46+00:00","breadcrumb":{"@id":"https:\/\/theme.ch.io.vn\/san-pham\/uncode-creative-multiuse-wordpress-theme\/#breadcrumb"},"inLanguage":"en-US","potentialAction":[{"@type":"ReadAction","target":["https:\/\/theme.ch.io.vn\/san-pham\/uncode-creative-multiuse-wordpress-theme\/"]}]},{"@type":"ImageObject","inLanguage":"en-US","@id":"https:\/\/theme.ch.io.vn\/san-pham\/uncode-creative-multiuse-wordpress-theme\/#primaryimage","url":"https:\/\/theme.ch.io.vn\/wp-content\/uploads\/2025\/10\/Uncode-creative-multiuse-wordpress-theme.png","contentUrl":"https:\/\/theme.ch.io.vn\/wp-content\/uploads\/2025\/10\/Uncode-creative-multiuse-wordpress-theme.png","width":400,"height":400},{"@type":"BreadcrumbList","@id":"https:\/\/theme.ch.io.vn\/san-pham\/uncode-creative-multiuse-wordpress-theme\/#breadcrumb","itemListElement":[{"@type":"ListItem","position":1,"name":"Trang ch\u1ee7","item":"https:\/\/theme.ch.io.vn\/"},{"@type":"ListItem","position":2,"name":"C\u1eeda h\u00e0ng","item":"https:\/\/theme.ch.io.vn\/cua-hang\/"},{"@type":"ListItem","position":3,"name":"Uncode \u2013 Creative Multiuse WordPress Theme"}]},{"@type":"WebSite","@id":"https:\/\/theme.ch.io.vn\/#website","url":"https:\/\/theme.ch.io.vn\/","name":"Mua b\u00e1n Theme - Plugin wordpress","description":"","potentialAction":[{"@type":"SearchAction","target":{"@type":"EntryPoint","urlTemplate":"https:\/\/theme.ch.io.vn\/?s={search_term_string}"},"query-input":{"@type":"PropertyValueSpecification","valueRequired":true,"valueName":"search_term_string"}}],"inLanguage":"en-US"}]}},"_links":{"self":[{"href":"https:\/\/theme.ch.io.vn\/en\/wp-json\/wp\/v2\/product\/275","targetHints":{"allow":["GET"]}}],"collection":[{"href":"https:\/\/theme.ch.io.vn\/en\/wp-json\/wp\/v2\/product"}],"about":[{"href":"https:\/\/theme.ch.io.vn\/en\/wp-json\/wp\/v2\/types\/product"}],"replies":[{"embeddable":true,"href":"https:\/\/theme.ch.io.vn\/en\/wp-json\/wp\/v2\/comments?post=275"}],"wp:featuredmedia":[{"embeddable":true,"href":"https:\/\/theme.ch.io.vn\/en\/wp-json\/wp\/v2\/media\/276"}],"wp:attachment":[{"href":"https:\/\/theme.ch.io.vn\/en\/wp-json\/wp\/v2\/media?parent=275"}],"wp:term":[{"taxonomy":"product_brand","embeddable":true,"href":"https:\/\/theme.ch.io.vn\/en\/wp-json\/wp\/v2\/product_brand?post=275"},{"taxonomy":"product_cat","embeddable":true,"href":"https:\/\/theme.ch.io.vn\/en\/wp-json\/wp\/v2\/product_cat?post=275"},{"taxonomy":"product_tag","embeddable":true,"href":"https:\/\/theme.ch.io.vn\/en\/wp-json\/wp\/v2\/product_tag?post=275"}],"curies":[{"name":"wp","href":"https:\/\/api.w.org\/{rel}","templated":true}]}}