{"id":278,"date":"2025-10-15T05:22:22","date_gmt":"2025-10-15T05:22:22","guid":{"rendered":"https:\/\/thedevkits.dev\/?post_type=product&#038;p=278"},"modified":"2025-10-17T12:32:43","modified_gmt":"2025-10-17T12:32:43","slug":"impreza-multi-purpose-wordpress-theme","status":"publish","type":"product","link":"https:\/\/theme.ch.io.vn\/en\/product\/impreza-multi-purpose-wordpress-theme\/","title":{"rendered":"Impreza \u2013 Multi-Purpose WordPress Theme"},"content":{"rendered":"<h3><img loading=\"lazy\" decoding=\"async\" class=\"aligncenter wp-image-109214 size-medium_large\" src=\"https:\/\/static.thedevkit.com\/2017\/12\/Impreza-01-768x4224.jpg\" sizes=\"auto, (max-width: 768px) 100vw, 768px\" srcset=\"https:\/\/static.thedevkit.com\/2017\/12\/Impreza-01-186x1024.jpg 186w, https:\/\/static.thedevkit.com\/2017\/12\/Impreza-01-768x4224.jpg 768w, https:\/\/static.thedevkit.com\/2017\/12\/Impreza-01-279x1536.jpg 279w, https:\/\/static.thedevkit.com\/2017\/12\/Impreza-01-400x2200.jpg 400w\" alt=\"\" width=\"768\" height=\"4224\" \/><\/h3>\n<h3><strong>Theme \u0111\u01b0\u1ee3c \u0111\u00e1nh gi\u00e1 t\u1ed1t s\u1ed1 1 hi\u1ec7n nay<\/strong>\u00a0v\u1edbi h\u01a1n +90K l\u01b0\u1ee3t b\u00e1n<\/h3>\n<ul>\n<li>C\u00e0i \u0111\u1eb7t v\u00e0 nh\u1eadp demo nhanh.<\/li>\n<li>Giao di\u1ec7n k\u00e9o th\u1ea3.<\/li>\n<li>300+ giao di\u1ec7n m\u1eabu.<\/li>\n<li>200+ t\u00f9y ch\u1ecdn trong theme.<\/li>\n<li>Features\u00a0<strong>Header Builder\u00a0<\/strong>m\u1ea1nh m\u1ebd nh\u1ea5t hi\u1ec7n nay<\/li>\n<li>T\u00ednh n\u0103ng Grid Builder m\u1ea1nh m\u1ebd nh\u1ea5t hi\u1ec7n nay<\/li>\n<li>Th\u00e2n thi\u1ec7n v\u1edbi developer<\/li>\n<li>T\u1ed1i \u01b0u t\u1ed1c \u0111\u1ed9 v\u00e0 SEO<\/li>\n<li>\u0110\u00e3 bao g\u1ed3m 8 plugin tr\u1ea3 ph\u00ed (tr\u1ecb gi\u00e1 $428)<\/li>\n<\/ul>","protected":false},"excerpt":{"rendered":"<p>Theme \u0111\u01b0\u1ee3c \u0111\u00e1nh gi\u00e1 t\u1ed1t s\u1ed1 1 hi\u1ec7n nay\u00a0v\u1edbi h\u01a1n +90K l\u01b0\u1ee3t b\u00e1n C\u00e0i \u0111\u1eb7t v\u00e0 nh\u1eadp demo nhanh. Giao di\u1ec7n k\u00e9o th\u1ea3. 300+ giao di\u1ec7n m\u1eabu. 200+ t\u00f9y ch\u1ecdn trong theme. T\u00ednh n\u0103ng\u00a0Header Builder\u00a0m\u1ea1nh m\u1ebd nh\u1ea5t hi\u1ec7n nay T\u00ednh n\u0103ng Grid Builder m\u1ea1nh m\u1ebd nh\u1ea5t hi\u1ec7n nay Th\u00e2n thi\u1ec7n v\u1edbi developer T\u1ed1i \u01b0u t\u1ed1c [&#8230;]","protected":false},"featured_media":279,"comment_status":"open","ping_status":"closed","template":"","meta":{"_acf_changed":false,"inline_featured_image":false},"product_brand":[61],"product_cat":[112,111],"product_tag":[],"class_list":{"0":"post-278","1":"product","2":"type-product","3":"status-publish","4":"has-post-thumbnail","6":"feature-dich-thuat","7":"feature-dien-dan","8":"feature-thuong-mai-dien-tu","9":"feature-tien-ich","10":"feature-tiep-thi-lien-ket","11":"topic-da-dung","12":"topic-doanh-nghiep","13":"topic-nha-hang-cafe","14":"topic-nhiep-anh","15":"topic-o-to-xe-may","16":"product_brand-beaver-builder","17":"product_cat-dac-biet","18":"product_cat-premium-key","20":"first","21":"instock","22":"sale","23":"shipping-taxable","24":"purchasable","25":"product-type-simple"},"acf":[],"yoast_head":"<!-- This site is optimized with the Yoast SEO plugin v26.1.1 - https:\/\/yoast.com\/wordpress\/plugins\/seo\/ -->\n<title>Impreza \u2013 Multi-Purpose WordPress Theme - Mua b\u00e1n Theme - Plugin wordpress<\/title>\n<meta name=\"robots\" content=\"index, follow, max-snippet:-1, max-image-preview:large, max-video-preview:-1\" \/>\n<link rel=\"canonical\" href=\"https:\/\/theme.ch.io.vn\/en\/product\/impreza-multi-purpose-wordpress-theme\/\" \/>\n<meta property=\"og:locale\" content=\"en_US\" \/>\n<meta property=\"og:type\" content=\"article\" \/>\n<meta property=\"og:title\" content=\"Impreza \u2013 Multi-Purpose WordPress Theme - Mua b\u00e1n Theme - Plugin wordpress\" \/>\n<meta property=\"og:description\" content=\"Theme \u0111\u01b0\u1ee3c \u0111\u00e1nh gi\u00e1 t\u1ed1t s\u1ed1 1 hi\u1ec7n nay\u00a0v\u1edbi h\u01a1n +90K l\u01b0\u1ee3t b\u00e1n C\u00e0i \u0111\u1eb7t v\u00e0 nh\u1eadp demo nhanh. Giao di\u1ec7n k\u00e9o th\u1ea3. 300+ giao di\u1ec7n m\u1eabu. 200+ t\u00f9y ch\u1ecdn trong theme. T\u00ednh n\u0103ng\u00a0Header Builder\u00a0m\u1ea1nh m\u1ebd nh\u1ea5t hi\u1ec7n nay T\u00ednh n\u0103ng Grid Builder m\u1ea1nh m\u1ebd nh\u1ea5t hi\u1ec7n nay Th\u00e2n thi\u1ec7n v\u1edbi developer T\u1ed1i \u01b0u t\u1ed1c [...]\" \/>\n<meta property=\"og:url\" content=\"https:\/\/theme.ch.io.vn\/en\/product\/impreza-multi-purpose-wordpress-theme\/\" \/>\n<meta property=\"og:site_name\" content=\"Mua b\u00e1n Theme - Plugin wordpress\" \/>\n<meta property=\"article:modified_time\" content=\"2025-10-17T12:32:43+00:00\" \/>\n<meta property=\"og:image\" content=\"https:\/\/theme.ch.io.vn\/wp-content\/uploads\/2025\/10\/impreza-themeforest.png\" \/>\n\t<meta property=\"og:image:width\" content=\"400\" \/>\n\t<meta property=\"og:image:height\" content=\"400\" \/>\n\t<meta property=\"og:image:type\" content=\"image\/png\" \/>\n<meta name=\"twitter:card\" content=\"summary_large_image\" \/>\n<meta name=\"twitter:label1\" content=\"Est. reading time\" \/>\n\t<meta name=\"twitter:data1\" content=\"1 minute\" \/>\n<script type=\"application\/ld+json\" class=\"yoast-schema-graph\">{\"@context\":\"https:\/\/schema.org\",\"@graph\":[{\"@type\":\"WebPage\",\"@id\":\"https:\/\/theme.ch.io.vn\/san-pham\/impreza-multi-purpose-wordpress-theme\/\",\"url\":\"https:\/\/theme.ch.io.vn\/san-pham\/impreza-multi-purpose-wordpress-theme\/\",\"name\":\"Impreza \u2013 Multi-Purpose WordPress Theme - Mua b\u00e1n Theme - Plugin wordpress\",\"isPartOf\":{\"@id\":\"https:\/\/theme.ch.io.vn\/#website\"},\"primaryImageOfPage\":{\"@id\":\"https:\/\/theme.ch.io.vn\/san-pham\/impreza-multi-purpose-wordpress-theme\/#primaryimage\"},\"image\":{\"@id\":\"https:\/\/theme.ch.io.vn\/san-pham\/impreza-multi-purpose-wordpress-theme\/#primaryimage\"},\"thumbnailUrl\":\"https:\/\/theme.ch.io.vn\/wp-content\/uploads\/2025\/10\/impreza-themeforest.png\",\"datePublished\":\"2025-10-15T05:22:22+00:00\",\"dateModified\":\"2025-10-17T12:32:43+00:00\",\"breadcrumb\":{\"@id\":\"https:\/\/theme.ch.io.vn\/san-pham\/impreza-multi-purpose-wordpress-theme\/#breadcrumb\"},\"inLanguage\":\"en-US\",\"potentialAction\":[{\"@type\":\"ReadAction\",\"target\":[\"https:\/\/theme.ch.io.vn\/san-pham\/impreza-multi-purpose-wordpress-theme\/\"]}]},{\"@type\":\"ImageObject\",\"inLanguage\":\"en-US\",\"@id\":\"https:\/\/theme.ch.io.vn\/san-pham\/impreza-multi-purpose-wordpress-theme\/#primaryimage\",\"url\":\"https:\/\/theme.ch.io.vn\/wp-content\/uploads\/2025\/10\/impreza-themeforest.png\",\"contentUrl\":\"https:\/\/theme.ch.io.vn\/wp-content\/uploads\/2025\/10\/impreza-themeforest.png\",\"width\":400,\"height\":400},{\"@type\":\"BreadcrumbList\",\"@id\":\"https:\/\/theme.ch.io.vn\/san-pham\/impreza-multi-purpose-wordpress-theme\/#breadcrumb\",\"itemListElement\":[{\"@type\":\"ListItem\",\"position\":1,\"name\":\"Trang ch\u1ee7\",\"item\":\"https:\/\/theme.ch.io.vn\/\"},{\"@type\":\"ListItem\",\"position\":2,\"name\":\"C\u1eeda h\u00e0ng\",\"item\":\"https:\/\/theme.ch.io.vn\/cua-hang\/\"},{\"@type\":\"ListItem\",\"position\":3,\"name\":\"Impreza \u2013 Multi-Purpose WordPress Theme\"}]},{\"@type\":\"WebSite\",\"@id\":\"https:\/\/theme.ch.io.vn\/#website\",\"url\":\"https:\/\/theme.ch.io.vn\/\",\"name\":\"Mua b\u00e1n Theme - Plugin wordpress\",\"description\":\"\",\"potentialAction\":[{\"@type\":\"SearchAction\",\"target\":{\"@type\":\"EntryPoint\",\"urlTemplate\":\"https:\/\/theme.ch.io.vn\/?s={search_term_string}\"},\"query-input\":{\"@type\":\"PropertyValueSpecification\",\"valueRequired\":true,\"valueName\":\"search_term_string\"}}],\"inLanguage\":\"en-US\"}]}<\/script>\n<!-- \/ Yoast SEO plugin. -->","yoast_head_json":{"title":"Impreza \u2013 Multi-Purpose WordPress Theme - Mua b\u00e1n Theme - Plugin wordpress","robots":{"index":"index","follow":"follow","max-snippet":"max-snippet:-1","max-image-preview":"max-image-preview:large","max-video-preview":"max-video-preview:-1"},"canonical":"https:\/\/theme.ch.io.vn\/en\/product\/impreza-multi-purpose-wordpress-theme\/","og_locale":"en_US","og_type":"article","og_title":"Impreza \u2013 Multi-Purpose WordPress Theme - Mua b\u00e1n Theme - Plugin wordpress","og_description":"Theme \u0111\u01b0\u1ee3c \u0111\u00e1nh gi\u00e1 t\u1ed1t s\u1ed1 1 hi\u1ec7n nay\u00a0v\u1edbi h\u01a1n +90K l\u01b0\u1ee3t b\u00e1n C\u00e0i \u0111\u1eb7t v\u00e0 nh\u1eadp demo nhanh. Giao di\u1ec7n k\u00e9o th\u1ea3. 300+ giao di\u1ec7n m\u1eabu. 200+ t\u00f9y ch\u1ecdn trong theme. T\u00ednh n\u0103ng\u00a0Header Builder\u00a0m\u1ea1nh m\u1ebd nh\u1ea5t hi\u1ec7n nay T\u00ednh n\u0103ng Grid Builder m\u1ea1nh m\u1ebd nh\u1ea5t hi\u1ec7n nay Th\u00e2n thi\u1ec7n v\u1edbi developer T\u1ed1i \u01b0u t\u1ed1c [...]","og_url":"https:\/\/theme.ch.io.vn\/en\/product\/impreza-multi-purpose-wordpress-theme\/","og_site_name":"Mua b\u00e1n Theme - Plugin wordpress","article_modified_time":"2025-10-17T12:32:43+00:00","og_image":[{"width":400,"height":400,"url":"https:\/\/theme.ch.io.vn\/wp-content\/uploads\/2025\/10\/impreza-themeforest.png","type":"image\/png"}],"twitter_card":"summary_large_image","twitter_misc":{"Est. reading time":"1 minute"},"schema":{"@context":"https:\/\/schema.org","@graph":[{"@type":"WebPage","@id":"https:\/\/theme.ch.io.vn\/san-pham\/impreza-multi-purpose-wordpress-theme\/","url":"https:\/\/theme.ch.io.vn\/san-pham\/impreza-multi-purpose-wordpress-theme\/","name":"Impreza \u2013 Multi-Purpose WordPress Theme - Mua b\u00e1n Theme - Plugin wordpress","isPartOf":{"@id":"https:\/\/theme.ch.io.vn\/#website"},"primaryImageOfPage":{"@id":"https:\/\/theme.ch.io.vn\/san-pham\/impreza-multi-purpose-wordpress-theme\/#primaryimage"},"image":{"@id":"https:\/\/theme.ch.io.vn\/san-pham\/impreza-multi-purpose-wordpress-theme\/#primaryimage"},"thumbnailUrl":"https:\/\/theme.ch.io.vn\/wp-content\/uploads\/2025\/10\/impreza-themeforest.png","datePublished":"2025-10-15T05:22:22+00:00","dateModified":"2025-10-17T12:32:43+00:00","breadcrumb":{"@id":"https:\/\/theme.ch.io.vn\/san-pham\/impreza-multi-purpose-wordpress-theme\/#breadcrumb"},"inLanguage":"en-US","potentialAction":[{"@type":"ReadAction","target":["https:\/\/theme.ch.io.vn\/san-pham\/impreza-multi-purpose-wordpress-theme\/"]}]},{"@type":"ImageObject","inLanguage":"en-US","@id":"https:\/\/theme.ch.io.vn\/san-pham\/impreza-multi-purpose-wordpress-theme\/#primaryimage","url":"https:\/\/theme.ch.io.vn\/wp-content\/uploads\/2025\/10\/impreza-themeforest.png","contentUrl":"https:\/\/theme.ch.io.vn\/wp-content\/uploads\/2025\/10\/impreza-themeforest.png","width":400,"height":400},{"@type":"BreadcrumbList","@id":"https:\/\/theme.ch.io.vn\/san-pham\/impreza-multi-purpose-wordpress-theme\/#breadcrumb","itemListElement":[{"@type":"ListItem","position":1,"name":"Trang ch\u1ee7","item":"https:\/\/theme.ch.io.vn\/"},{"@type":"ListItem","position":2,"name":"C\u1eeda h\u00e0ng","item":"https:\/\/theme.ch.io.vn\/cua-hang\/"},{"@type":"ListItem","position":3,"name":"Impreza \u2013 Multi-Purpose WordPress Theme"}]},{"@type":"WebSite","@id":"https:\/\/theme.ch.io.vn\/#website","url":"https:\/\/theme.ch.io.vn\/","name":"Mua b\u00e1n Theme - Plugin wordpress","description":"","potentialAction":[{"@type":"SearchAction","target":{"@type":"EntryPoint","urlTemplate":"https:\/\/theme.ch.io.vn\/?s={search_term_string}"},"query-input":{"@type":"PropertyValueSpecification","valueRequired":true,"valueName":"search_term_string"}}],"inLanguage":"en-US"}]}},"_links":{"self":[{"href":"https:\/\/theme.ch.io.vn\/en\/wp-json\/wp\/v2\/product\/278","targetHints":{"allow":["GET"]}}],"collection":[{"href":"https:\/\/theme.ch.io.vn\/en\/wp-json\/wp\/v2\/product"}],"about":[{"href":"https:\/\/theme.ch.io.vn\/en\/wp-json\/wp\/v2\/types\/product"}],"replies":[{"embeddable":true,"href":"https:\/\/theme.ch.io.vn\/en\/wp-json\/wp\/v2\/comments?post=278"}],"wp:featuredmedia":[{"embeddable":true,"href":"https:\/\/theme.ch.io.vn\/en\/wp-json\/wp\/v2\/media\/279"}],"wp:attachment":[{"href":"https:\/\/theme.ch.io.vn\/en\/wp-json\/wp\/v2\/media?parent=278"}],"wp:term":[{"taxonomy":"product_brand","embeddable":true,"href":"https:\/\/theme.ch.io.vn\/en\/wp-json\/wp\/v2\/product_brand?post=278"},{"taxonomy":"product_cat","embeddable":true,"href":"https:\/\/theme.ch.io.vn\/en\/wp-json\/wp\/v2\/product_cat?post=278"},{"taxonomy":"product_tag","embeddable":true,"href":"https:\/\/theme.ch.io.vn\/en\/wp-json\/wp\/v2\/product_tag?post=278"}],"curies":[{"name":"wp","href":"https:\/\/api.w.org\/{rel}","templated":true}]}}