{"id":371,"date":"2025-10-15T10:52:31","date_gmt":"2025-10-15T10:52:31","guid":{"rendered":"https:\/\/thedevkits.dev\/?post_type=product&#038;p=371"},"modified":"2025-10-15T10:55:52","modified_gmt":"2025-10-15T10:55:52","slug":"bo-san-pham-website-ban-hang","status":"publish","type":"product","link":"https:\/\/theme.ch.io.vn\/en\/product\/bo-san-pham-website-ban-hang\/","title":{"rendered":"The product sales website"},"content":{"rendered":"","protected":false},"excerpt":{"rendered":"","protected":false},"featured_media":72,"comment_status":"open","ping_status":"closed","template":"","meta":{"_acf_changed":false,"inline_featured_image":false},"product_brand":[64],"product_cat":[113],"product_tag":[],"class_list":{"0":"post-371","1":"product","2":"type-product","3":"status-publish","4":"has-post-thumbnail","6":"feature-thuong-mai-dien-tu","7":"feature-tien-ich","8":"feature-tiep-thi-lien-ket","9":"topic-ban-hang","10":"topic-nha-hang-cafe","11":"topic-nhiep-anh","12":"topic-o-to-xe-may","13":"product_brand-code-canyon","14":"product_cat-bo-san-pham","16":"first","17":"instock","18":"shipping-taxable","19":"product-type-grouped"},"acf":[],"yoast_head":"<!-- This site is optimized with the Yoast SEO plugin v26.1.1 - https:\/\/yoast.com\/wordpress\/plugins\/seo\/ -->\n<title>B\u1ed9 s\u1ea3n ph\u1ea9m website b\u00e1n h\u00e0ng - Mua b\u00e1n Theme - Plugin wordpress<\/title>\n<meta name=\"robots\" content=\"index, follow, max-snippet:-1, max-image-preview:large, max-video-preview:-1\" \/>\n<link rel=\"canonical\" href=\"https:\/\/theme.ch.io.vn\/en\/product\/bo-san-pham-website-ban-hang\/\" \/>\n<meta property=\"og:locale\" content=\"en_US\" \/>\n<meta property=\"og:type\" content=\"article\" \/>\n<meta property=\"og:title\" content=\"B\u1ed9 s\u1ea3n ph\u1ea9m website b\u00e1n h\u00e0ng - Mua b\u00e1n Theme - Plugin wordpress\" \/>\n<meta property=\"og:url\" content=\"https:\/\/theme.ch.io.vn\/en\/product\/bo-san-pham-website-ban-hang\/\" \/>\n<meta property=\"og:site_name\" content=\"Mua b\u00e1n Theme - Plugin wordpress\" \/>\n<meta property=\"article:modified_time\" content=\"2025-10-15T10:55:52+00:00\" \/>\n<meta property=\"og:image\" content=\"https:\/\/theme.ch.io.vn\/wp-content\/uploads\/2025\/10\/Elementor-Pro.png\" \/>\n\t<meta property=\"og:image:width\" content=\"400\" \/>\n\t<meta property=\"og:image:height\" content=\"400\" \/>\n\t<meta property=\"og:image:type\" content=\"image\/png\" \/>\n<meta name=\"twitter:card\" content=\"summary_large_image\" \/>\n<meta name=\"twitter:label1\" content=\"Est. reading time\" \/>\n\t<meta name=\"twitter:data1\" content=\"1 minute\" \/>\n<script type=\"application\/ld+json\" class=\"yoast-schema-graph\">{\"@context\":\"https:\/\/schema.org\",\"@graph\":[{\"@type\":\"WebPage\",\"@id\":\"https:\/\/theme.ch.io.vn\/san-pham\/bo-san-pham-website-ban-hang\/\",\"url\":\"https:\/\/theme.ch.io.vn\/san-pham\/bo-san-pham-website-ban-hang\/\",\"name\":\"B\u1ed9 s\u1ea3n ph\u1ea9m website b\u00e1n h\u00e0ng - Mua b\u00e1n Theme - Plugin wordpress\",\"isPartOf\":{\"@id\":\"https:\/\/theme.ch.io.vn\/#website\"},\"primaryImageOfPage\":{\"@id\":\"https:\/\/theme.ch.io.vn\/san-pham\/bo-san-pham-website-ban-hang\/#primaryimage\"},\"image\":{\"@id\":\"https:\/\/theme.ch.io.vn\/san-pham\/bo-san-pham-website-ban-hang\/#primaryimage\"},\"thumbnailUrl\":\"https:\/\/theme.ch.io.vn\/wp-content\/uploads\/2025\/10\/Elementor-Pro.png\",\"datePublished\":\"2025-10-15T10:52:31+00:00\",\"dateModified\":\"2025-10-15T10:55:52+00:00\",\"breadcrumb\":{\"@id\":\"https:\/\/theme.ch.io.vn\/san-pham\/bo-san-pham-website-ban-hang\/#breadcrumb\"},\"inLanguage\":\"en-US\",\"potentialAction\":[{\"@type\":\"ReadAction\",\"target\":[\"https:\/\/theme.ch.io.vn\/san-pham\/bo-san-pham-website-ban-hang\/\"]}]},{\"@type\":\"ImageObject\",\"inLanguage\":\"en-US\",\"@id\":\"https:\/\/theme.ch.io.vn\/san-pham\/bo-san-pham-website-ban-hang\/#primaryimage\",\"url\":\"https:\/\/theme.ch.io.vn\/wp-content\/uploads\/2025\/10\/Elementor-Pro.png\",\"contentUrl\":\"https:\/\/theme.ch.io.vn\/wp-content\/uploads\/2025\/10\/Elementor-Pro.png\",\"width\":400,\"height\":400},{\"@type\":\"BreadcrumbList\",\"@id\":\"https:\/\/theme.ch.io.vn\/san-pham\/bo-san-pham-website-ban-hang\/#breadcrumb\",\"itemListElement\":[{\"@type\":\"ListItem\",\"position\":1,\"name\":\"Trang ch\u1ee7\",\"item\":\"https:\/\/theme.ch.io.vn\/\"},{\"@type\":\"ListItem\",\"position\":2,\"name\":\"C\u1eeda h\u00e0ng\",\"item\":\"https:\/\/theme.ch.io.vn\/cua-hang\/\"},{\"@type\":\"ListItem\",\"position\":3,\"name\":\"B\u1ed9 s\u1ea3n ph\u1ea9m website b\u00e1n h\u00e0ng\"}]},{\"@type\":\"WebSite\",\"@id\":\"https:\/\/theme.ch.io.vn\/#website\",\"url\":\"https:\/\/theme.ch.io.vn\/\",\"name\":\"Mua b\u00e1n Theme - Plugin wordpress\",\"description\":\"\",\"potentialAction\":[{\"@type\":\"SearchAction\",\"target\":{\"@type\":\"EntryPoint\",\"urlTemplate\":\"https:\/\/theme.ch.io.vn\/?s={search_term_string}\"},\"query-input\":{\"@type\":\"PropertyValueSpecification\",\"valueRequired\":true,\"valueName\":\"search_term_string\"}}],\"inLanguage\":\"en-US\"}]}<\/script>\n<!-- \/ Yoast SEO plugin. -->","yoast_head_json":{"title":"B\u1ed9 s\u1ea3n ph\u1ea9m website b\u00e1n h\u00e0ng - Mua b\u00e1n Theme - Plugin wordpress","robots":{"index":"index","follow":"follow","max-snippet":"max-snippet:-1","max-image-preview":"max-image-preview:large","max-video-preview":"max-video-preview:-1"},"canonical":"https:\/\/theme.ch.io.vn\/en\/product\/bo-san-pham-website-ban-hang\/","og_locale":"en_US","og_type":"article","og_title":"B\u1ed9 s\u1ea3n ph\u1ea9m website b\u00e1n h\u00e0ng - Mua b\u00e1n Theme - Plugin wordpress","og_url":"https:\/\/theme.ch.io.vn\/en\/product\/bo-san-pham-website-ban-hang\/","og_site_name":"Mua b\u00e1n Theme - Plugin wordpress","article_modified_time":"2025-10-15T10:55:52+00:00","og_image":[{"width":400,"height":400,"url":"https:\/\/theme.ch.io.vn\/wp-content\/uploads\/2025\/10\/Elementor-Pro.png","type":"image\/png"}],"twitter_card":"summary_large_image","twitter_misc":{"Est. reading time":"1 minute"},"schema":{"@context":"https:\/\/schema.org","@graph":[{"@type":"WebPage","@id":"https:\/\/theme.ch.io.vn\/san-pham\/bo-san-pham-website-ban-hang\/","url":"https:\/\/theme.ch.io.vn\/san-pham\/bo-san-pham-website-ban-hang\/","name":"B\u1ed9 s\u1ea3n ph\u1ea9m website b\u00e1n h\u00e0ng - Mua b\u00e1n Theme - Plugin wordpress","isPartOf":{"@id":"https:\/\/theme.ch.io.vn\/#website"},"primaryImageOfPage":{"@id":"https:\/\/theme.ch.io.vn\/san-pham\/bo-san-pham-website-ban-hang\/#primaryimage"},"image":{"@id":"https:\/\/theme.ch.io.vn\/san-pham\/bo-san-pham-website-ban-hang\/#primaryimage"},"thumbnailUrl":"https:\/\/theme.ch.io.vn\/wp-content\/uploads\/2025\/10\/Elementor-Pro.png","datePublished":"2025-10-15T10:52:31+00:00","dateModified":"2025-10-15T10:55:52+00:00","breadcrumb":{"@id":"https:\/\/theme.ch.io.vn\/san-pham\/bo-san-pham-website-ban-hang\/#breadcrumb"},"inLanguage":"en-US","potentialAction":[{"@type":"ReadAction","target":["https:\/\/theme.ch.io.vn\/san-pham\/bo-san-pham-website-ban-hang\/"]}]},{"@type":"ImageObject","inLanguage":"en-US","@id":"https:\/\/theme.ch.io.vn\/san-pham\/bo-san-pham-website-ban-hang\/#primaryimage","url":"https:\/\/theme.ch.io.vn\/wp-content\/uploads\/2025\/10\/Elementor-Pro.png","contentUrl":"https:\/\/theme.ch.io.vn\/wp-content\/uploads\/2025\/10\/Elementor-Pro.png","width":400,"height":400},{"@type":"BreadcrumbList","@id":"https:\/\/theme.ch.io.vn\/san-pham\/bo-san-pham-website-ban-hang\/#breadcrumb","itemListElement":[{"@type":"ListItem","position":1,"name":"Trang ch\u1ee7","item":"https:\/\/theme.ch.io.vn\/"},{"@type":"ListItem","position":2,"name":"C\u1eeda h\u00e0ng","item":"https:\/\/theme.ch.io.vn\/cua-hang\/"},{"@type":"ListItem","position":3,"name":"B\u1ed9 s\u1ea3n ph\u1ea9m website b\u00e1n h\u00e0ng"}]},{"@type":"WebSite","@id":"https:\/\/theme.ch.io.vn\/#website","url":"https:\/\/theme.ch.io.vn\/","name":"Mua b\u00e1n Theme - Plugin wordpress","description":"","potentialAction":[{"@type":"SearchAction","target":{"@type":"EntryPoint","urlTemplate":"https:\/\/theme.ch.io.vn\/?s={search_term_string}"},"query-input":{"@type":"PropertyValueSpecification","valueRequired":true,"valueName":"search_term_string"}}],"inLanguage":"en-US"}]}},"_links":{"self":[{"href":"https:\/\/theme.ch.io.vn\/en\/wp-json\/wp\/v2\/product\/371","targetHints":{"allow":["GET"]}}],"collection":[{"href":"https:\/\/theme.ch.io.vn\/en\/wp-json\/wp\/v2\/product"}],"about":[{"href":"https:\/\/theme.ch.io.vn\/en\/wp-json\/wp\/v2\/types\/product"}],"replies":[{"embeddable":true,"href":"https:\/\/theme.ch.io.vn\/en\/wp-json\/wp\/v2\/comments?post=371"}],"wp:featuredmedia":[{"embeddable":true,"href":"https:\/\/theme.ch.io.vn\/en\/wp-json\/wp\/v2\/media\/72"}],"wp:attachment":[{"href":"https:\/\/theme.ch.io.vn\/en\/wp-json\/wp\/v2\/media?parent=371"}],"wp:term":[{"taxonomy":"product_brand","embeddable":true,"href":"https:\/\/theme.ch.io.vn\/en\/wp-json\/wp\/v2\/product_brand?post=371"},{"taxonomy":"product_cat","embeddable":true,"href":"https:\/\/theme.ch.io.vn\/en\/wp-json\/wp\/v2\/product_cat?post=371"},{"taxonomy":"product_tag","embeddable":true,"href":"https:\/\/theme.ch.io.vn\/en\/wp-json\/wp\/v2\/product_tag?post=371"}],"curies":[{"name":"wp","href":"https:\/\/api.w.org\/{rel}","templated":true}]}}